{"id":705,"date":"2023-04-26T09:17:55","date_gmt":"2023-04-26T09:17:55","guid":{"rendered":"https:\/\/inlitas.org\/bacasable\/?page_id=705"},"modified":"2024-02-27T08:46:25","modified_gmt":"2024-02-27T08:46:25","slug":"european-projects","status":"publish","type":"page","link":"https:\/\/inlitas.org\/fr\/european-projects\/","title":{"rendered":"Projets Europ\u00e9ens"},"content":{"rendered":"<div class=\"wp-block-cover alignfull is-light\" style=\"min-height:420px;aspect-ratio:unset;\"><span aria-hidden=\"true\" class=\"wp-block-cover__background has-background-dim-100 has-background-dim has-background-gradient\" style=\"background:linear-gradient(90deg,rgb(137,228,140) 0%,rgb(182,227,212) 50%,rgb(59,89,182) 100%)\"><\/span><div class=\"wp-block-cover__inner-container is-layout-flow wp-block-cover-is-layout-flow\">\n<div class=\"inherit-container-width wp-block-group alignwide is-layout-constrained wp-block-group-is-layout-constrained\">\n<div class=\"wp-block-media-text alignwide has-media-on-the-right is-stacked-on-mobile is-vertically-aligned-center\" style=\"grid-template-columns:auto 23%\"><div class=\"wp-block-media-text__content\">\n<h1 class=\"wp-block-heading has-text-align-left has-white-color has-text-color\">Projets Europ\u00e9ens<\/h1>\n<\/div><figure class=\"wp-block-media-text__media\"><img loading=\"lazy\" decoding=\"async\" width=\"917\" height=\"917\" src=\"https:\/\/inlitas.org\/wp-content\/uploads\/2023\/04\/Logo_transparent-v2.png\" alt=\"\" class=\"wp-image-60 size-full\" title=\"\" srcset=\"https:\/\/inlitas.org\/wp-content\/uploads\/2023\/04\/Logo_transparent-v2.png 917w, https:\/\/inlitas.org\/wp-content\/uploads\/2023\/04\/Logo_transparent-v2-300x300.png 300w, https:\/\/inlitas.org\/wp-content\/uploads\/2023\/04\/Logo_transparent-v2-150x150.png 150w, https:\/\/inlitas.org\/wp-content\/uploads\/2023\/04\/Logo_transparent-v2-768x768.png 768w\" sizes=\"auto, (max-width: 917px) 100vw, 917px\" \/><\/figure><\/div>\n<\/div>\n<\/div><\/div>\n\n\n\n<div class=\"wp-block-columns is-layout-flex wp-container-core-columns-is-layout-60cbf9bb wp-block-columns-is-layout-flex\" style=\"margin-top:50px\">\n<div class=\"wp-block-column is-layout-flow wp-container-core-column-is-layout-6b73ce23 wp-block-column-is-layout-flow\">\n<figure class=\"wp-block-image size-full\"><a href=\"https:\/\/inlitas.org\/fr\/learn-exchange\/\"><img loading=\"lazy\" decoding=\"async\" width=\"480\" height=\"600\" src=\"https:\/\/inlitas.org\/wp-content\/uploads\/2023\/04\/logo-learnexchange.png\" alt=\"\" class=\"wp-image-99\" title=\"\" srcset=\"https:\/\/inlitas.org\/wp-content\/uploads\/2023\/04\/logo-learnexchange.png 480w, https:\/\/inlitas.org\/wp-content\/uploads\/2023\/04\/logo-learnexchange-240x300.png 240w\" sizes=\"auto, (max-width: 480px) 100vw, 480px\" \/><\/a><\/figure>\n\n\n\n<h3 class=\"wp-block-heading has-text-align-center\" style=\"margin-top:16px\"><a href=\"https:\/\/inlitas.org\/fr\/learn-exchange\/\" target=\"_blank\" rel=\"noreferrer noopener\">Learn &amp; Exchange<\/a><\/h3>\n\n\n\n<p>L'objectif principal du projet  Apprendre &amp; \u00c9changer est de planifier, d\u00e9velopper, fournir, valider et commencer \u00e0 utiliser dans la pratique \u00e9ducative un nouvel ensemble de MOOC dans le domaine de la transformation num\u00e9rique, en mettant l'accent sur les besoins de comp\u00e9tences en mati\u00e8re d'information.<\/p>\n<\/div>\n\n\n\n<div class=\"wp-block-column is-layout-flow wp-container-core-column-is-layout-6b73ce23 wp-block-column-is-layout-flow\" style=\"border-style:none;border-width:0px\">\n<figure class=\"wp-block-image size-full\"><a href=\"https:\/\/inlitas.org\/fr\/digi-key\/\"><img loading=\"lazy\" decoding=\"async\" width=\"480\" height=\"600\" src=\"https:\/\/inlitas.org\/wp-content\/uploads\/2023\/04\/Digi-Key-Logo.png\" alt=\"\" class=\"wp-image-98\" title=\"\" srcset=\"https:\/\/inlitas.org\/wp-content\/uploads\/2023\/04\/Digi-Key-Logo.png 480w, https:\/\/inlitas.org\/wp-content\/uploads\/2023\/04\/Digi-Key-Logo-240x300.png 240w\" sizes=\"auto, (max-width: 480px) 100vw, 480px\" \/><\/a><\/figure>\n\n\n\n<h3 class=\"wp-block-heading has-text-align-center\" style=\"margin-top:16px\"><a href=\"https:\/\/inlitas.org\/fr\/digi-key\/\">Digi-Key<\/a><\/h3>\n\n\n\n<p>L'\u00e9ducation, comme tout autre domaine, se num\u00e9rise rapidement chaque jour. Les \u00e9tudiants ne peuvent pas acc\u00e9der aux informations correctes et n\u00e9cessaires et ne peuvent pas utiliser les possibilit\u00e9s existantes de la ma\u00eetrise de l'information num\u00e9rique dans leurs devoirs et leurs th\u00e8ses.<\/p>\n<\/div>\n<\/div>\n\n\n\n<h2 class=\"wp-block-heading\">Publications sur les Projets Europ\u00e9ens<\/h2>\n\n\n\n\t\t\t<div class=\"wp-block-uagb-post-grid uagb-post-grid  uagb-post__image-position-top uagb-post__image-enabled uagb-block-6dcf2479     uagb-post__items uagb-post__columns-3 is-grid uagb-post__columns-tablet-2 uagb-post__columns-mobile-1 uagb-post__equal-height uagb-equal_height_inline-read-more-buttons\" data-total=\"2\" style=\"\">\n\n\t\t\t\t\t\t\t\t\t\t\t\t<article class=\"uagb-post__inner-wrap\">\t\t\t\t\t\t\t\t<h4 class=\"uagb-post__title uagb-post__text\">\n\t\t\t\t<a href=\"https:\/\/inlitas.org\/fr\/digi-key-project-ready-to-go\/\" target=\"_self\" rel=\"bookmark noopener noreferrer\">Projet Digi-Key... Pr\u00eat \u00e0 partir !<\/a>\n\t\t\t<\/h4>\n\t\t\t\t\t\t<div class='uagb-post__text uagb-post-grid-byline'>\n\t\t\t\t\t\t\t\t<time datetime=\"2022-04-26T12:12:00+00:00\" class=\"uagb-post__date\">\n\t\t\t\t<span class=\"dashicons-calendar dashicons\"><\/span>\t\t\t\t\tavril 26, 2022\t\t\t\t<\/time>\n\t\t\t\t\t\t\t<span class=\"uagb-post__comment\">\n\t\t\t\t<span class=\"dashicons-admin-comments dashicons\"><\/span>\t\t\t\t\tAucun commentaire\t\t\t\t<\/span>\n\t\t\t\t\t\t<\/div>\n\t\t\t\t\t\t\t<div class='uagb-post__text uagb-post__excerpt'>\n\t\t\t\t\t<p>The kickoff meeting of the European Project DIGI-KEY has been held in the city of&#8230;\t\t\t\t<\/div>\n\t\t\t\t\t\t<div class=\"uagb-post__text uagb-post__cta wp-block-button\">\n\t\t\t\t<a class=\"wp-block-button__link uagb-text-link\" style=\"\" href=\"https:\/\/inlitas.org\/fr\/digi-key-project-ready-to-go\/\" target=\"_self\" rel=\"bookmark noopener noreferrer\">Lire la suite<\/a>\n\t\t\t<\/div>\n\t\t\t\n\t\t\t\t\t\t\t\t\t<\/article>\n\t\t\t\t\t\t\t\t\t\t\t\t\t\t\t\t<article class=\"uagb-post__inner-wrap\">\t\t\t\t\t\t\t\t<h4 class=\"uagb-post__title uagb-post__text\">\n\t\t\t\t<a href=\"https:\/\/inlitas.org\/fr\/a-seminar-for-learnexchange\/\" target=\"_self\" rel=\"bookmark noopener noreferrer\">Un s\u00e9minaire pour Learn &amp; Exchange<\/a>\n\t\t\t<\/h4>\n\t\t\t\t\t\t<div class='uagb-post__text uagb-post-grid-byline'>\n\t\t\t\t\t\t\t\t<time datetime=\"2022-07-01T12:15:00+00:00\" class=\"uagb-post__date\">\n\t\t\t\t<span class=\"dashicons-calendar dashicons\"><\/span>\t\t\t\t\tjuillet 1, 2022\t\t\t\t<\/time>\n\t\t\t\t\t\t\t<span class=\"uagb-post__comment\">\n\t\t\t\t<span class=\"dashicons-admin-comments dashicons\"><\/span>\t\t\t\t\tAucun commentaire\t\t\t\t<\/span>\n\t\t\t\t\t\t<\/div>\n\t\t\t\t\t\t\t<div class='uagb-post__text uagb-post__excerpt'>\n\t\t\t\t\t<p>The seminar entitled &#8220;Digital Transformation in Higher Education: Massive Open Online Courses (MOOCs)&#8221; within the&#8230;\t\t\t\t<\/div>\n\t\t\t\t\t\t<div class=\"uagb-post__text uagb-post__cta wp-block-button\">\n\t\t\t\t<a class=\"wp-block-button__link uagb-text-link\" style=\"\" href=\"https:\/\/inlitas.org\/fr\/a-seminar-for-learnexchange\/\" target=\"_self\" rel=\"bookmark noopener noreferrer\">Lire la suite<\/a>\n\t\t\t<\/div>\n\t\t\t\n\t\t\t\t\t\t\t\t\t<\/article>\n\t\t\t\t\t\t\t\t\t\t\t\t\t\t\t\t<article class=\"uagb-post__inner-wrap\">\t\t\t\t\t\t\t\t<h4 class=\"uagb-post__title uagb-post__text\">\n\t\t\t\t<a href=\"https:\/\/inlitas.org\/fr\/establishment-of-the-project-learnexchange\/\" target=\"_self\" rel=\"bookmark noopener noreferrer\">Lancement du projet Learn &amp; Exchange<\/a>\n\t\t\t<\/h4>\n\t\t\t\t\t\t<div class='uagb-post__text uagb-post-grid-byline'>\n\t\t\t\t\t\t\t\t<time datetime=\"2022-07-14T21:49:00+00:00\" class=\"uagb-post__date\">\n\t\t\t\t<span class=\"dashicons-calendar dashicons\"><\/span>\t\t\t\t\tjuillet 14, 2022\t\t\t\t<\/time>\n\t\t\t\t\t\t\t<span class=\"uagb-post__comment\">\n\t\t\t\t<span class=\"dashicons-admin-comments dashicons\"><\/span>\t\t\t\t\tAucun commentaire\t\t\t\t<\/span>\n\t\t\t\t\t\t<\/div>\n\t\t\t\t\t\t\t<div class='uagb-post__text uagb-post__excerpt'>\n\t\t\t\t\t<p>We were pleased to announce the kick-off meeting of the Erasmus+ &#8220;Learn Project &amp; Exchange&#8221;&#8230;\t\t\t\t<\/div>\n\t\t\t\t\t\t<div class=\"uagb-post__text uagb-post__cta wp-block-button\">\n\t\t\t\t<a class=\"wp-block-button__link uagb-text-link\" style=\"\" href=\"https:\/\/inlitas.org\/fr\/establishment-of-the-project-learnexchange\/\" target=\"_self\" rel=\"bookmark noopener noreferrer\">Lire la suite<\/a>\n\t\t\t<\/div>\n\t\t\t\n\t\t\t\t\t\t\t\t\t<\/article>\n\t\t\t\t\t\t\t\t\t\t\t\t\t\t\t\t<article class=\"uagb-post__inner-wrap\">\t\t\t\t\t\t\t\t<h4 class=\"uagb-post__title uagb-post__text\">\n\t\t\t\t<a href=\"https:\/\/inlitas.org\/fr\/upskilling-information-professionals\/\" target=\"_self\" rel=\"bookmark noopener noreferrer\">Renforcer les comp\u00e9tences des professionnels de l'information<\/a>\n\t\t\t<\/h4>\n\t\t\t\t\t\t<div class='uagb-post__text uagb-post-grid-byline'>\n\t\t\t\t\t\t\t\t<time datetime=\"2022-10-14T21:57:00+00:00\" class=\"uagb-post__date\">\n\t\t\t\t<span class=\"dashicons-calendar dashicons\"><\/span>\t\t\t\t\toctobre 14, 2022\t\t\t\t<\/time>\n\t\t\t\t\t\t\t<span class=\"uagb-post__comment\">\n\t\t\t\t<span class=\"dashicons-admin-comments dashicons\"><\/span>\t\t\t\t\tAucun commentaire\t\t\t\t<\/span>\n\t\t\t\t\t\t<\/div>\n\t\t\t\t\t\t\t<div class='uagb-post__text uagb-post__excerpt'>\n\t\t\t\t\t<p>We are delighted to share the highlights of the Erasmus+ Project Meeting that took place&#8230;\t\t\t\t<\/div>\n\t\t\t\t\t\t<div class=\"uagb-post__text uagb-post__cta wp-block-button\">\n\t\t\t\t<a class=\"wp-block-button__link uagb-text-link\" style=\"\" href=\"https:\/\/inlitas.org\/fr\/upskilling-information-professionals\/\" target=\"_self\" rel=\"bookmark noopener noreferrer\">Lire la suite<\/a>\n\t\t\t<\/div>\n\t\t\t\n\t\t\t\t\t\t\t\t\t<\/article>\n\t\t\t\t\t\t\t\t\t\t\t\t\t\t\t\t<article class=\"uagb-post__inner-wrap\">\t\t\t\t\t\t\t\t<h4 class=\"uagb-post__title uagb-post__text\">\n\t\t\t\t<a href=\"https:\/\/inlitas.org\/fr\/differents-outputs-in-the-digi-key\/\" target=\"_self\" rel=\"bookmark noopener noreferrer\">Divers r\u00e9sultats pr\u00e9sent\u00e9s lors de la r\u00e9union de Digi-Key \u00e0 Paris<\/a>\n\t\t\t<\/h4>\n\t\t\t\t\t\t<div class='uagb-post__text uagb-post-grid-byline'>\n\t\t\t\t\t\t\t\t<time datetime=\"2022-11-07T12:17:00+00:00\" class=\"uagb-post__date\">\n\t\t\t\t<span class=\"dashicons-calendar dashicons\"><\/span>\t\t\t\t\tnovembre 7, 2022\t\t\t\t<\/time>\n\t\t\t\t\t\t\t<span class=\"uagb-post__comment\">\n\t\t\t\t<span class=\"dashicons-admin-comments dashicons\"><\/span>\t\t\t\t\tAucun commentaire\t\t\t\t<\/span>\n\t\t\t\t\t\t<\/div>\n\t\t\t\t\t\t\t<div class='uagb-post__text uagb-post__excerpt'>\n\t\t\t\t\t<p>On 07th and 8th of November, the DIGI-KEY project team met in Paris to discuss&#8230;\t\t\t\t<\/div>\n\t\t\t\t\t\t<div class=\"uagb-post__text uagb-post__cta wp-block-button\">\n\t\t\t\t<a class=\"wp-block-button__link uagb-text-link\" style=\"\" href=\"https:\/\/inlitas.org\/fr\/differents-outputs-in-the-digi-key\/\" target=\"_self\" rel=\"bookmark noopener noreferrer\">Lire la suite<\/a>\n\t\t\t<\/div>\n\t\t\t\n\t\t\t\t\t\t\t\t\t<\/article>\n\t\t\t\t\t\t\t\t\t\t\t\t\t\t\t\t<article class=\"uagb-post__inner-wrap\">\t\t\t\t\t\t\t\t<h4 class=\"uagb-post__title uagb-post__text\">\n\t\t\t\t<a href=\"https:\/\/inlitas.org\/fr\/digi-keys-report-for-2022\/\" target=\"_self\" rel=\"bookmark noopener noreferrer\">Rapport de Digi-Key pour 2022<\/a>\n\t\t\t<\/h4>\n\t\t\t\t\t\t<div class='uagb-post__text uagb-post-grid-byline'>\n\t\t\t\t\t\t\t\t<time datetime=\"2023-02-14T17:12:00+00:00\" class=\"uagb-post__date\">\n\t\t\t\t<span class=\"dashicons-calendar dashicons\"><\/span>\t\t\t\t\tf\u00e9vrier 14, 2023\t\t\t\t<\/time>\n\t\t\t\t\t\t\t<span class=\"uagb-post__comment\">\n\t\t\t\t<span class=\"dashicons-admin-comments dashicons\"><\/span>\t\t\t\t\tAucun commentaire\t\t\t\t<\/span>\n\t\t\t\t\t\t<\/div>\n\t\t\t\t\t\t\t<div class='uagb-post__text uagb-post__excerpt'>\n\t\t\t\t\t<p>We invite you to delve into the Report of 2022. It is a testament to&#8230;\t\t\t\t<\/div>\n\t\t\t\t\t\t<div class=\"uagb-post__text uagb-post__cta wp-block-button\">\n\t\t\t\t<a class=\"wp-block-button__link uagb-text-link\" style=\"\" href=\"https:\/\/inlitas.org\/fr\/digi-keys-report-for-2022\/\" target=\"_self\" rel=\"bookmark noopener noreferrer\">Lire la suite<\/a>\n\t\t\t<\/div>\n\t\t\t\n\t\t\t\t\t\t\t\t\t<\/article>\n\t\t\t\t\t\t\t\t\t\t\t\t\t<div class=\"uagb-post-pagination-wrap\">\n\t\t\t\t\t\t<span aria-current=\"page\" class=\"page-numbers current\">1<\/span>\n<a class=\"page-numbers\" href=\"https:\/\/inlitas.org\/fr\/wp-json\/wp\/v2\/pages\/705\/page\/2\/\">2<\/a>\n<a class=\"next page-numbers\" href=\"https:\/\/inlitas.org\/fr\/wp-json\/wp\/v2\/pages\/705\/page\/2\/\">Next \u00bb<\/a>\t\t\t\t\t<\/div>\n\t\t\t\t\t\t\t\t<\/div>","protected":false},"excerpt":{"rendered":"<p>Learn &amp; Exchange The main objective of the LEARN &amp; EXCHANCE project is to plan, develop, deliver, validate and start using in the educational practice a novel set of MOOCs in the domain of digital transformation with a focus on the needs of information skills. Digi-Key Education, as in every field, is rapidly becoming digital [&hellip;]<\/p>","protected":false},"author":1,"featured_media":0,"parent":0,"menu_order":0,"comment_status":"closed","ping_status":"closed","template":"","meta":{"_uag_custom_page_level_css":"","site-sidebar-layout":"default","site-content-layout":"","ast-site-content-layout":"default","site-content-style":"default","site-sidebar-style":"default","ast-global-header-display":"","ast-banner-title-visibility":"","ast-main-header-display":"","ast-hfb-above-header-display":"","ast-hfb-below-header-display":"","ast-hfb-mobile-header-display":"","site-post-title":"disabled","ast-breadcrumbs-content":"","ast-featured-img":"","footer-sml-layout":"","theme-transparent-header-meta":"","adv-header-id-meta":"","stick-header-meta":"","header-above-stick-meta":"","header-main-stick-meta":"","header-below-stick-meta":"","astra-migrate-meta-layouts":"set","ast-page-background-enabled":"default","ast-page-background-meta":{"desktop":{"background-color":"var(--ast-global-color-4)","background-image":"","background-repeat":"repeat","background-position":"center center","background-size":"auto","background-attachment":"scroll","background-type":"","background-media":"","overlay-type":"","overlay-color":"","overlay-opacity":"","overlay-gradient":""},"tablet":{"background-color":"","background-image":"","background-repeat":"repeat","background-position":"center center","background-size":"auto","background-attachment":"scroll","background-type":"","background-media":"","overlay-type":"","overlay-color":"","overlay-opacity":"","overlay-gradient":""},"mobile":{"background-color":"","background-image":"","background-repeat":"repeat","background-position":"center center","background-size":"auto","background-attachment":"scroll","background-type":"","background-media":"","overlay-type":"","overlay-color":"","overlay-opacity":"","overlay-gradient":""}},"ast-content-background-meta":{"desktop":{"background-color":"var(--ast-global-color-5)","background-image":"","background-repeat":"repeat","background-position":"center center","background-size":"auto","background-attachment":"scroll","background-type":"","background-media":"","overlay-type":"","overlay-color":"","overlay-opacity":"","overlay-gradient":""},"tablet":{"background-color":"var(--ast-global-color-5)","background-image":"","background-repeat":"repeat","background-position":"center center","background-size":"auto","background-attachment":"scroll","background-type":"","background-media":"","overlay-type":"","overlay-color":"","overlay-opacity":"","overlay-gradient":""},"mobile":{"background-color":"var(--ast-global-color-5)","background-image":"","background-repeat":"repeat","background-position":"center center","background-size":"auto","background-attachment":"scroll","background-type":"","background-media":"","overlay-type":"","overlay-color":"","overlay-opacity":"","overlay-gradient":""}},"footnotes":""},"class_list":["post-705","page","type-page","status-publish","hentry"],"uagb_featured_image_src":{"full":false,"thumbnail":false,"medium":false,"medium_large":false,"large":false,"1536x1536":false,"2048x2048":false,"trp-custom-language-flag":false},"uagb_author_info":{"display_name":"InLitAs","author_link":"https:\/\/inlitas.org\/fr\/author\/admin\/"},"uagb_comment_info":0,"uagb_excerpt":"Learn &amp; Exchange The main objective of the LEARN &amp; EXCHANCE project is to plan, develop, deliver, validate and start using in the educational practice a novel set of MOOCs in the domain of digital transformation with a focus on the needs of information skills. Digi-Key Education, as in every field, is rapidly becoming digital\u2026","_links":{"self":[{"href":"https:\/\/inlitas.org\/fr\/wp-json\/wp\/v2\/pages\/705","targetHints":{"allow":["GET"]}}],"collection":[{"href":"https:\/\/inlitas.org\/fr\/wp-json\/wp\/v2\/pages"}],"about":[{"href":"https:\/\/inlitas.org\/fr\/wp-json\/wp\/v2\/types\/page"}],"author":[{"embeddable":true,"href":"https:\/\/inlitas.org\/fr\/wp-json\/wp\/v2\/users\/1"}],"replies":[{"embeddable":true,"href":"https:\/\/inlitas.org\/fr\/wp-json\/wp\/v2\/comments?post=705"}],"version-history":[{"count":3,"href":"https:\/\/inlitas.org\/fr\/wp-json\/wp\/v2\/pages\/705\/revisions"}],"predecessor-version":[{"id":1984,"href":"https:\/\/inlitas.org\/fr\/wp-json\/wp\/v2\/pages\/705\/revisions\/1984"}],"wp:attachment":[{"href":"https:\/\/inlitas.org\/fr\/wp-json\/wp\/v2\/media?parent=705"}],"curies":[{"name":"wp","href":"https:\/\/api.w.org\/{rel}","templated":true}]}}