{"id":524,"date":"2023-04-24T08:31:37","date_gmt":"2023-04-24T08:31:37","guid":{"rendered":"https:\/\/inlitas.org\/bacasable\/?page_id=524"},"modified":"2024-04-10T14:20:58","modified_gmt":"2024-04-10T14:20:58","slug":"redam","status":"publish","type":"page","link":"https:\/\/inlitas.org\/fr\/redam\/","title":{"rendered":"ReDaM"},"content":{"rendered":"<div class=\"wp-block-cover alignfull is-light\" style=\"min-height:420px;aspect-ratio:unset;\"><span aria-hidden=\"true\" class=\"wp-block-cover__background has-background-dim-100 has-background-dim has-background-gradient\" style=\"background:linear-gradient(90deg,rgb(137,228,140) 0%,rgb(182,227,212) 50%,rgb(59,89,182) 100%)\"><\/span><div class=\"wp-block-cover__inner-container is-layout-flow wp-block-cover-is-layout-flow\">\n<div class=\"inherit-container-width wp-block-group alignwide is-layout-constrained wp-block-group-is-layout-constrained\">\n<div class=\"wp-block-media-text alignwide has-media-on-the-right is-stacked-on-mobile is-vertically-aligned-center\" style=\"grid-template-columns:auto 23%\"><div class=\"wp-block-media-text__content\">\n<h1 class=\"wp-block-heading has-text-align-left has-white-color has-text-color\">Gestion des Donn\u00e9es de la Recherche (ReDaM)<\/h1>\n<\/div><figure class=\"wp-block-media-text__media\"><img loading=\"lazy\" decoding=\"async\" width=\"300\" height=\"300\" src=\"https:\/\/inlitas.org\/wp-content\/uploads\/2024\/04\/RedaM-3003x300-b.png\" alt=\"\" class=\"wp-image-2087 size-full\" title=\"\" srcset=\"https:\/\/inlitas.org\/wp-content\/uploads\/2024\/04\/RedaM-3003x300-b.png 300w, https:\/\/inlitas.org\/wp-content\/uploads\/2024\/04\/RedaM-3003x300-b-150x150.png 150w\" sizes=\"auto, (max-width: 300px) 100vw, 300px\" \/><\/figure><\/div>\n<\/div>\n<\/div><\/div>\n\n\n\n<p><\/p>\n\n\n\n<p>La communaut\u00e9 des chercheurs est de plus en plus int\u00e9ress\u00e9e par le libre acc\u00e8s (OA) et le partage des donn\u00e9es de recherche. Toutefois, pour que le partage et la r\u00e9utilisation des donn\u00e9es en libre acc\u00e8s soient couronn\u00e9s de succ\u00e8s, un plan de gestion des donn\u00e9es de recherche (RDM) appropri\u00e9 doit \u00eatre \u00e9labor\u00e9 et mis en \u0153uvre tout au long du cycle de vie des donn\u00e9es de recherche. En outre, les chercheurs doivent comprendre les questions et les principaux d\u00e9fis associ\u00e9s \u00e0 la GDR. Une enqu\u00eate par questionnaire a \u00e9t\u00e9 men\u00e9e aupr\u00e8s de chercheurs universitaires de diff\u00e9rents pays afin de comprendre les pratiques actuelles d'utilisation, de cr\u00e9ation et de partage des donn\u00e9es de recherche parmi les chercheurs universitaires, ainsi que leur point de vue sur les questions et les d\u00e9fis sous-jacents \u00e0 la GDR.<\/p>\n\n\n\n<h2 class=\"wp-block-heading\">A propos de ReDaM<\/h2>\n\n\n\n\t\t\t<div class=\"wp-block-uagb-post-grid uagb-post-grid  uagb-post__image-position-top uagb-post__image-enabled uagb-block-b30c98e8     uagb-post__items uagb-post__columns-3 is-grid uagb-post__columns-tablet-2 uagb-post__columns-mobile-1 uagb-post__equal-height uagb-equal_height_inline-read-more-buttons\" data-total=\"1\" style=\"\">\n\n\t\t\t\t\t\t\t\t\t\t\t\t<article class=\"uagb-post__inner-wrap\">\t\t\t\t\t\t\t\t<h4 class=\"uagb-post__title uagb-post__text\">\n\t\t\t\t<a href=\"https:\/\/inlitas.org\/fr\/redam-team\/\" target=\"_self\" rel=\"bookmark noopener noreferrer\">L'\u00e9quipe ReDaM<\/a>\n\t\t\t<\/h4>\n\t\t\t\t\t\t<div class='uagb-post__text uagb-post-grid-byline'>\n\t\t\t\t\t\t\t\t<time datetime=\"2017-02-27T14:25:00+00:00\" class=\"uagb-post__date\">\n\t\t\t\t<span class=\"dashicons-calendar dashicons\"><\/span>\t\t\t\t\tf\u00e9vrier 27, 2017\t\t\t\t<\/time>\n\t\t\t\t\t\t\t<span class=\"uagb-post__comment\">\n\t\t\t\t<span class=\"dashicons-admin-comments dashicons\"><\/span>\t\t\t\t\tAucun commentaire\t\t\t\t<\/span>\n\t\t\t\t\t\t<\/div>\n\t\t\t\t\t\t\t<div class='uagb-post__text uagb-post__excerpt'>\n\t\t\t\t\t<p>Serap KurbanogluCoordinatorTurkey Gobinda ChowdhuryCoordinatorUnited Kingdom Joumana BoustanyCoordinatorFrance Geoff WaltonCoordinatorUnited Kingdom Yurdagul UnaCoordinatorTurkey Tania TodorovaMemberBulgaria Serap&#8230;\t\t\t\t<\/div>\n\t\t\t\t\t\t<div class=\"uagb-post__text uagb-post__cta wp-block-button\">\n\t\t\t\t<a class=\"wp-block-button__link uagb-text-link\" style=\"\" href=\"https:\/\/inlitas.org\/fr\/redam-team\/\" target=\"_self\" rel=\"bookmark noopener noreferrer\">Lire la suite<\/a>\n\t\t\t<\/div>\n\t\t\t\n\t\t\t\t\t\t\t\t\t<\/article>\n\t\t\t\t\t\t\t\t\t\t\t\t\t\t\t\t<article class=\"uagb-post__inner-wrap\">\t\t\t\t\t\t\t\t<h4 class=\"uagb-post__title uagb-post__text\">\n\t\t\t\t<a href=\"https:\/\/inlitas.org\/fr\/preparedness-for-research-data-sharing-a-study-of-university-researchers-in-three-european-countries\/\" target=\"_self\" rel=\"bookmark noopener noreferrer\">Pr\u00e9paration au partage des donn\u00e9es de recherche : Une \u00e9tude sur les chercheurs universitaires dans trois pays europ\u00e9ens<\/a>\n\t\t\t<\/h4>\n\t\t\t\t\t\t<div class='uagb-post__text uagb-post-grid-byline'>\n\t\t\t\t\t\t\t\t<time datetime=\"2017-11-30T22:15:00+00:00\" class=\"uagb-post__date\">\n\t\t\t\t<span class=\"dashicons-calendar dashicons\"><\/span>\t\t\t\t\tnovembre 30, 2017\t\t\t\t<\/time>\n\t\t\t\t\t\t\t<span class=\"uagb-post__comment\">\n\t\t\t\t<span class=\"dashicons-admin-comments dashicons\"><\/span>\t\t\t\t\tAucun commentaire\t\t\t\t<\/span>\n\t\t\t\t\t\t<\/div>\n\t\t\t\t\t\t\t<div class='uagb-post__text uagb-post__excerpt'>\n\t\t\t\t\t<p>Abstract: Many government and funding bodies around the world have been advocating open access to&#8230;\t\t\t\t<\/div>\n\t\t\t\t\t\t<div class=\"uagb-post__text uagb-post__cta wp-block-button\">\n\t\t\t\t<a class=\"wp-block-button__link uagb-text-link\" style=\"\" href=\"https:\/\/inlitas.org\/fr\/preparedness-for-research-data-sharing-a-study-of-university-researchers-in-three-european-countries\/\" target=\"_self\" rel=\"bookmark noopener noreferrer\">Lire la suite<\/a>\n\t\t\t<\/div>\n\t\t\t\n\t\t\t\t\t\t\t\t\t<\/article>\n\t\t\t\t\t\t\t\t\t\t\t\t\t\t\t\t<article class=\"uagb-post__inner-wrap\">\t\t\t\t\t\t\t\t<h4 class=\"uagb-post__title uagb-post__text\">\n\t\t\t\t<a href=\"https:\/\/inlitas.org\/fr\/research-data-management-and-data-sharing-behaviour-of-university-researchers\/\" target=\"_self\" rel=\"bookmark noopener noreferrer\">Pratiques des chercheurs universitaires en mati\u00e8re de gestion et de partage des donn\u00e9es de recherche<\/a>\n\t\t\t<\/h4>\n\t\t\t\t\t\t<div class='uagb-post__text uagb-post-grid-byline'>\n\t\t\t\t\t\t\t\t<time datetime=\"2019-05-14T22:19:00+00:00\" class=\"uagb-post__date\">\n\t\t\t\t<span class=\"dashicons-calendar dashicons\"><\/span>\t\t\t\t\tmai 14, 2019\t\t\t\t<\/time>\n\t\t\t\t\t\t\t<span class=\"uagb-post__comment\">\n\t\t\t\t<span class=\"dashicons-admin-comments dashicons\"><\/span>\t\t\t\t\tAucun commentaire\t\t\t\t<\/span>\n\t\t\t\t\t\t<\/div>\n\t\t\t\t\t\t\t<div class='uagb-post__text uagb-post__excerpt'>\n\t\t\t\t\t<p>Introduction: The aim of this study is to understand how university researchers behave in the&#8230;\t\t\t\t<\/div>\n\t\t\t\t\t\t<div class=\"uagb-post__text uagb-post__cta wp-block-button\">\n\t\t\t\t<a class=\"wp-block-button__link uagb-text-link\" style=\"\" href=\"https:\/\/inlitas.org\/fr\/research-data-management-and-data-sharing-behaviour-of-university-researchers\/\" target=\"_self\" rel=\"bookmark noopener noreferrer\">Lire la suite<\/a>\n\t\t\t<\/div>\n\t\t\t\n\t\t\t\t\t\t\t\t\t<\/article>\n\t\t\t\t\t\t\t\t\t\t\t\t\t<div class=\"uagb-post-pagination-wrap\">\n\t\t\t\t\t\t\t\t\t\t\t<\/div>\n\t\t\t\t\t\t\t\t<\/div>","protected":false},"excerpt":{"rendered":"<p>The research community has seen an increasing appetite for open access (OA) and sharing of research data. However, for OA sharing and reuse of data to be successful, an appropriate research data management (RDM) plan has to be developed and practised throughout the lifecycle of research data. Furthermore, researchers need to have an understanding of [&hellip;]<\/p>","protected":false},"author":1,"featured_media":0,"parent":0,"menu_order":0,"comment_status":"closed","ping_status":"closed","template":"","meta":{"_uag_custom_page_level_css":"","site-sidebar-layout":"default","site-content-layout":"","ast-site-content-layout":"default","site-content-style":"default","site-sidebar-style":"default","ast-global-header-display":"","ast-banner-title-visibility":"","ast-main-header-display":"","ast-hfb-above-header-display":"","ast-hfb-below-header-display":"","ast-hfb-mobile-header-display":"","site-post-title":"disabled","ast-breadcrumbs-content":"","ast-featured-img":"","footer-sml-layout":"","theme-transparent-header-meta":"","adv-header-id-meta":"","stick-header-meta":"","header-above-stick-meta":"","header-main-stick-meta":"","header-below-stick-meta":"","astra-migrate-meta-layouts":"set","ast-page-background-enabled":"default","ast-page-background-meta":{"desktop":{"background-color":"var(--ast-global-color-4)","background-image":"","background-repeat":"repeat","background-position":"center center","background-size":"auto","background-attachment":"scroll","background-type":"","background-media":"","overlay-type":"","overlay-color":"","overlay-opacity":"","overlay-gradient":""},"tablet":{"background-color":"","background-image":"","background-repeat":"repeat","background-position":"center center","background-size":"auto","background-attachment":"scroll","background-type":"","background-media":"","overlay-type":"","overlay-color":"","overlay-opacity":"","overlay-gradient":""},"mobile":{"background-color":"","background-image":"","background-repeat":"repeat","background-position":"center center","background-size":"auto","background-attachment":"scroll","background-type":"","background-media":"","overlay-type":"","overlay-color":"","overlay-opacity":"","overlay-gradient":""}},"ast-content-background-meta":{"desktop":{"background-color":"var(--ast-global-color-5)","background-image":"","background-repeat":"repeat","background-position":"center center","background-size":"auto","background-attachment":"scroll","background-type":"","background-media":"","overlay-type":"","overlay-color":"","overlay-opacity":"","overlay-gradient":""},"tablet":{"background-color":"var(--ast-global-color-5)","background-image":"","background-repeat":"repeat","background-position":"center center","background-size":"auto","background-attachment":"scroll","background-type":"","background-media":"","overlay-type":"","overlay-color":"","overlay-opacity":"","overlay-gradient":""},"mobile":{"background-color":"var(--ast-global-color-5)","background-image":"","background-repeat":"repeat","background-position":"center center","background-size":"auto","background-attachment":"scroll","background-type":"","background-media":"","overlay-type":"","overlay-color":"","overlay-opacity":"","overlay-gradient":""}},"footnotes":""},"class_list":["post-524","page","type-page","status-publish","hentry"],"uagb_featured_image_src":{"full":false,"thumbnail":false,"medium":false,"medium_large":false,"large":false,"1536x1536":false,"2048x2048":false,"trp-custom-language-flag":false},"uagb_author_info":{"display_name":"InLitAs","author_link":"https:\/\/inlitas.org\/fr\/author\/admin\/"},"uagb_comment_info":0,"uagb_excerpt":"The research community has seen an increasing appetite for open access (OA) and sharing of research data. However, for OA sharing and reuse of data to be successful, an appropriate research data management (RDM) plan has to be developed and practised throughout the lifecycle of research data. Furthermore, researchers need to have an understanding of\u2026","_links":{"self":[{"href":"https:\/\/inlitas.org\/fr\/wp-json\/wp\/v2\/pages\/524","targetHints":{"allow":["GET"]}}],"collection":[{"href":"https:\/\/inlitas.org\/fr\/wp-json\/wp\/v2\/pages"}],"about":[{"href":"https:\/\/inlitas.org\/fr\/wp-json\/wp\/v2\/types\/page"}],"author":[{"embeddable":true,"href":"https:\/\/inlitas.org\/fr\/wp-json\/wp\/v2\/users\/1"}],"replies":[{"embeddable":true,"href":"https:\/\/inlitas.org\/fr\/wp-json\/wp\/v2\/comments?post=524"}],"version-history":[{"count":5,"href":"https:\/\/inlitas.org\/fr\/wp-json\/wp\/v2\/pages\/524\/revisions"}],"predecessor-version":[{"id":2118,"href":"https:\/\/inlitas.org\/fr\/wp-json\/wp\/v2\/pages\/524\/revisions\/2118"}],"wp:attachment":[{"href":"https:\/\/inlitas.org\/fr\/wp-json\/wp\/v2\/media?parent=524"}],"curies":[{"name":"wp","href":"https:\/\/api.w.org\/{rel}","templated":true}]}}