{"id":496,"date":"2023-04-23T22:42:22","date_gmt":"2023-04-23T22:42:22","guid":{"rendered":"https:\/\/inlitas.org\/bacasable\/?page_id=496"},"modified":"2024-05-31T13:27:27","modified_gmt":"2024-05-31T13:27:27","slug":"learn-exchange","status":"publish","type":"page","link":"https:\/\/inlitas.org\/fr\/learn-exchange\/","title":{"rendered":"Learn-Exchange"},"content":{"rendered":"<div class=\"wp-block-cover alignfull is-light\" style=\"min-height:600px;aspect-ratio:unset;\"><span aria-hidden=\"true\" class=\"wp-block-cover__background has-background-dim-100 has-background-dim has-background-gradient\" style=\"background:linear-gradient(90deg,rgb(137,228,140) 0%,rgb(182,227,212) 50%,rgb(59,89,182) 100%)\"><\/span><div class=\"wp-block-cover__inner-container is-layout-flow wp-block-cover-is-layout-flow\">\n<div class=\"inherit-container-width wp-block-group alignwide is-layout-constrained wp-block-group-is-layout-constrained\">\n<div class=\"wp-block-media-text alignwide has-media-on-the-right is-stacked-on-mobile is-vertically-aligned-center\" style=\"grid-template-columns:auto 23%\"><div class=\"wp-block-media-text__content\">\n<h1 class=\"wp-block-heading has-text-align-left has-white-color has-text-color\">Learn &amp; Exchange<\/h1>\n\n\n\n<p class=\"translation-block\">Ann\u00e9e : 2021 - 12\/2024\n\nProgramme : Erasmus+\n\nNum\u00e9ro de r\u00e9f\u00e9rence : 2021-1-TR01-KA220-HED-000027639\n\nTitre : Learn &amp; Exchange : Former les professionnels de l'information du futur : Novel Digital Transformation MOOCs (Massive Open Online Course)\n\nSite web : https:\/\/learnandexchange.net\/my\/<\/p>\n\n\n\n<h4 class=\"wp-block-heading\">Partenaires: <\/h4>\n\n\n\n<div class=\"wp-block-columns is-layout-flex wp-container-core-columns-is-layout-28f84493 wp-block-columns-is-layout-flex\">\n<div class=\"wp-block-column is-layout-flow wp-block-column-is-layout-flow\">\n<figure class=\"wp-block-image size-full\"><a href=\"https:\/\/www.ankara.edu.tr\/en\/\" target=\"_blank\" rel=\"noreferrer noopener nofollow\"><img loading=\"lazy\" decoding=\"async\" width=\"200\" height=\"200\" src=\"https:\/\/inlitas.org\/wp-content\/uploads\/2023\/05\/ankara-logo.png\" alt=\"\" class=\"wp-image-850\" title=\"\" srcset=\"https:\/\/inlitas.org\/wp-content\/uploads\/2023\/05\/ankara-logo.png 200w, https:\/\/inlitas.org\/wp-content\/uploads\/2023\/05\/ankara-logo-150x150.png 150w\" sizes=\"auto, (max-width: 200px) 100vw, 200px\" \/><\/a><\/figure>\n<\/div>\n\n\n\n<div class=\"wp-block-column is-layout-flow wp-block-column-is-layout-flow\">\n<figure class=\"wp-block-image size-full\"><a href=\"https:\/\/inlitas.org\/fr\/\" target=\"_blank\" rel=\"noreferrer noopener\"><img loading=\"lazy\" decoding=\"async\" width=\"917\" height=\"917\" src=\"https:\/\/inlitas.org\/wp-content\/uploads\/2023\/04\/Logo_transparent-v2.png\" alt=\"\" class=\"wp-image-60\" title=\"\" srcset=\"https:\/\/inlitas.org\/wp-content\/uploads\/2023\/04\/Logo_transparent-v2.png 917w, https:\/\/inlitas.org\/wp-content\/uploads\/2023\/04\/Logo_transparent-v2-300x300.png 300w, https:\/\/inlitas.org\/wp-content\/uploads\/2023\/04\/Logo_transparent-v2-150x150.png 150w, https:\/\/inlitas.org\/wp-content\/uploads\/2023\/04\/Logo_transparent-v2-768x768.png 768w\" sizes=\"auto, (max-width: 917px) 100vw, 917px\" \/><\/a><\/figure>\n<\/div>\n\n\n\n<div class=\"wp-block-column is-layout-flow wp-block-column-is-layout-flow\">\n<figure class=\"wp-block-image size-full\"><a href=\"https:\/\/www.uni-sofia.bg\/eng\" target=\"_blank\" rel=\"noreferrer noopener nofollow\"><img loading=\"lazy\" decoding=\"async\" width=\"225\" height=\"225\" src=\"https:\/\/inlitas.org\/wp-content\/uploads\/2023\/05\/Frienze-2.png\" alt=\"\" class=\"wp-image-851\" title=\"\" srcset=\"https:\/\/inlitas.org\/wp-content\/uploads\/2023\/05\/Frienze-2.png 225w, https:\/\/inlitas.org\/wp-content\/uploads\/2023\/05\/Frienze-2-150x150.png 150w\" sizes=\"auto, (max-width: 225px) 100vw, 225px\" \/><\/a><\/figure>\n<\/div>\n\n\n\n<div class=\"wp-block-column is-layout-flow wp-block-column-is-layout-flow\">\n<figure class=\"wp-block-image size-full\"><a href=\"https:\/\/www.tlu.ee\/en\" target=\"_blank\" rel=\"noreferrer noopener nofollow\"><img loading=\"lazy\" decoding=\"async\" width=\"225\" height=\"225\" src=\"https:\/\/inlitas.org\/wp-content\/uploads\/2023\/05\/Tallinn-logo.png\" alt=\"\" class=\"wp-image-854\" title=\"\" srcset=\"https:\/\/inlitas.org\/wp-content\/uploads\/2023\/05\/Tallinn-logo.png 225w, https:\/\/inlitas.org\/wp-content\/uploads\/2023\/05\/Tallinn-logo-150x150.png 150w\" sizes=\"auto, (max-width: 225px) 100vw, 225px\" \/><\/a><\/figure>\n<\/div>\n\n\n\n<div class=\"wp-block-column is-layout-flow wp-block-column-is-layout-flow\">\n<figure class=\"wp-block-image size-full\"><a href=\"https:\/\/www.unifi.it\/changelang-eng.html\" target=\"_blank\" rel=\"noreferrer noopener nofollow\"><img loading=\"lazy\" decoding=\"async\" width=\"227\" height=\"222\" src=\"https:\/\/inlitas.org\/wp-content\/uploads\/2023\/05\/Frienze-logo.png\" alt=\"\" class=\"wp-image-852\" title=\"\"><\/a><\/figure>\n<\/div>\n\n\n\n<div class=\"wp-block-column is-layout-flow wp-block-column-is-layout-flow\">\n<figure class=\"wp-block-image size-full\"><a href=\"https:\/\/international.pte.hu\/\" target=\"_blank\" rel=\"noreferrer noopener nofollow\"><img loading=\"lazy\" decoding=\"async\" width=\"225\" height=\"225\" src=\"https:\/\/inlitas.org\/wp-content\/uploads\/2023\/05\/pecs-logo.png\" alt=\"\" class=\"wp-image-853\" title=\"\" srcset=\"https:\/\/inlitas.org\/wp-content\/uploads\/2023\/05\/pecs-logo.png 225w, https:\/\/inlitas.org\/wp-content\/uploads\/2023\/05\/pecs-logo-150x150.png 150w\" sizes=\"auto, (max-width: 225px) 100vw, 225px\" \/><\/a><\/figure>\n<\/div>\n<\/div>\n<\/div><figure class=\"wp-block-media-text__media\"><img loading=\"lazy\" decoding=\"async\" width=\"127\" height=\"149\" src=\"https:\/\/inlitas.org\/wp-content\/uploads\/2023\/04\/logo-lex-8.png\" alt=\"\" class=\"wp-image-501 size-full\" title=\"\"><\/figure><\/div>\n<\/div>\n<\/div><\/div>\n\n\n\n<p><\/p>\n\n\n\n<p>Aujourd'hui, les aptitudes et connaissances les plus n\u00e9cessaires au 21e si\u00e8cle comprennent le contenu des infrastructures, la connectivit\u00e9 et l'\u00e9quipement num\u00e9rique ; une planification et un d\u00e9veloppement efficaces des capacit\u00e9s num\u00e9riques, y compris des capacit\u00e9s organisationnelles actualis\u00e9es ; des enseignants et du personnel d'\u00e9ducation et de formation comp\u00e9tents et confiants sur le plan num\u00e9rique ; un contenu d'apprentissage de haute qualit\u00e9, des outils conviviaux et des plateformes s\u00e9curis\u00e9es qui respectent la vie priv\u00e9e et les normes \u00e9thiques ; des aptitudes et comp\u00e9tences num\u00e9riques telles que la culture num\u00e9rique, y compris la lutte contre la d\u00e9sinformation ; l'\u00e9ducation \u00e0 l'informatique ; et une bonne connaissance et compr\u00e9hension des technologies \u00e0 forte intensit\u00e9 de donn\u00e9es, comme l'intelligence artificielle.<\/p>\n\n\n\n<p>Le projet  Learn &amp; Exchange vise non seulement \u00e0 am\u00e9liorer les comp\u00e9tences et les capacit\u00e9s num\u00e9riques des apprenants (nationaux et internationaux), mais aussi \u00e0 cr\u00e9er et \u00e0 partager des cours en ligne internationaux normalis\u00e9s afin d'offrir des possibilit\u00e9s d'\u00e9change dans des environnements d'apprentissage virtuels.<\/p>\n\n\n\n<p>Dans ce cadre, notre projet vise \u00e0 d\u00e9velopper un MOOC sp\u00e9cialis\u00e9 dans les connaissances et les comp\u00e9tences en mati\u00e8re de transformation num\u00e9rique, r\u00e9pondant aux besoins non seulement d'une offre d'\u00e9ducation num\u00e9rique plus accessible, mais aussi d'une am\u00e9lioration de l'approche d'apprentissage par l'action dans un environnement en ligne. Les partenaires du projet publieront et partageront leur contenu via ce syst\u00e8me de MOOCs.<\/p>\n\n\n\n<p>De cette mani\u00e8re, une plateforme fiable et internationalement qualifi\u00e9e sera fournie aux apprenants du monde entier dans les domaines suivants : \"transformation num\u00e9rique\", \"gestion et visualisation des donn\u00e9es\", \"culture num\u00e9rique\", \"organisation et acc\u00e8s \u00e0 l'information\", \"conception de l'exp\u00e9rience de l'utilisateur\" et \"rep\u00e9rage et lutte contre la d\u00e9sinformation\".<\/p>\n\n\n\n<p>Il est \u00e9galement pr\u00e9vu de produire des packs linguistiques cr\u00e9\u00e9s dans diff\u00e9rentes langues (anglais, turc, fran\u00e7ais, italien, bulgare, estonien et hongrois) pour combler une lacune importante dans la fourniture de contenus \u00e9ducatifs sp\u00e9cialis\u00e9s dans des langues autres que l'anglais.<\/p>\n\n\n\n<p class=\"translation-block\">Notre projet r\u00e9pond \u00e0 trois besoins actuels\n 1. le besoin d'un contenu sp\u00e9cialis\u00e9 plus gratuit dans le domaine de la transformation num\u00e9rique, qui est relativement nouveau et n'est pas tr\u00e8s bien pris en charge par l'offre \u00e9ducative existante\n2. la n\u00e9cessit\u00e9 de fournir ce contenu dans diff\u00e9rentes langues qui, dans certains cas, manquent totalement de ressources \u00e9ducatives num\u00e9riques sur la transformation num\u00e9rique (turc, bulgare, estonien et hongrois)\n3. et la n\u00e9cessit\u00e9 d'exp\u00e9rimenter et d'introduire davantage de pratiques d'apprentissage bas\u00e9es sur l'action dans l'enseignement en ligne et de partager les exp\u00e9riences avec la communaut\u00e9 \u00e9ducative.<\/p>\n\n\n\n<h2 class=\"wp-block-heading\">Actualit\u00e9s<\/h2>\n\n\n\n\t\t\t<div class=\"wp-block-uagb-post-grid uagb-post-grid  uagb-post__image-position-top uagb-post__image-enabled uagb-block-31c34b1e     uagb-post__items uagb-post__columns-3 is-grid uagb-post__columns-tablet-2 uagb-post__columns-mobile-1 uagb-post__equal-height uagb-equal_height_inline-read-more-buttons\" data-total=\"2\" style=\"\">\n\n\t\t\t\t\t\t\t\t\t\t\t\t<article class=\"uagb-post__inner-wrap\">\t\t\t\t\t\t\t\t<h4 class=\"uagb-post__title uagb-post__text\">\n\t\t\t\t<a href=\"https:\/\/inlitas.org\/fr\/a-seminar-for-learnexchange\/\" target=\"_self\" rel=\"bookmark noopener noreferrer\">Un s\u00e9minaire pour Learn &amp; Exchange<\/a>\n\t\t\t<\/h4>\n\t\t\t\t\t\t<div class='uagb-post__text uagb-post-grid-byline'>\n\t\t\t\t\t\t\t\t<time datetime=\"2022-07-01T12:15:00+00:00\" class=\"uagb-post__date\">\n\t\t\t\t<span class=\"dashicons-calendar dashicons\"><\/span>\t\t\t\t\tjuillet 1, 2022\t\t\t\t<\/time>\n\t\t\t\t\t\t\t<span class=\"uagb-post__comment\">\n\t\t\t\t<span class=\"dashicons-admin-comments dashicons\"><\/span>\t\t\t\t\tAucun commentaire\t\t\t\t<\/span>\n\t\t\t\t\t\t<\/div>\n\t\t\t\t\t\t\t<div class='uagb-post__text uagb-post__excerpt'>\n\t\t\t\t\t<p>The seminar entitled &#8220;Digital Transformation in Higher Education: Massive Open Online Courses (MOOCs)&#8221; within the&#8230;\t\t\t\t<\/div>\n\t\t\t\t\t\t<div class=\"uagb-post__text uagb-post__cta wp-block-button\">\n\t\t\t\t<a class=\"wp-block-button__link uagb-text-link\" style=\"\" href=\"https:\/\/inlitas.org\/fr\/a-seminar-for-learnexchange\/\" target=\"_self\" rel=\"bookmark noopener noreferrer\">Lire la suite<\/a>\n\t\t\t<\/div>\n\t\t\t\n\t\t\t\t\t\t\t\t\t<\/article>\n\t\t\t\t\t\t\t\t\t\t\t\t\t\t\t\t<article class=\"uagb-post__inner-wrap\">\t\t\t\t\t\t\t\t<h4 class=\"uagb-post__title uagb-post__text\">\n\t\t\t\t<a href=\"https:\/\/inlitas.org\/fr\/establishment-of-the-project-learnexchange\/\" target=\"_self\" rel=\"bookmark noopener noreferrer\">Lancement du projet Learn &amp; Exchange<\/a>\n\t\t\t<\/h4>\n\t\t\t\t\t\t<div class='uagb-post__text uagb-post-grid-byline'>\n\t\t\t\t\t\t\t\t<time datetime=\"2022-07-14T21:49:00+00:00\" class=\"uagb-post__date\">\n\t\t\t\t<span class=\"dashicons-calendar dashicons\"><\/span>\t\t\t\t\tjuillet 14, 2022\t\t\t\t<\/time>\n\t\t\t\t\t\t\t<span class=\"uagb-post__comment\">\n\t\t\t\t<span class=\"dashicons-admin-comments dashicons\"><\/span>\t\t\t\t\tAucun commentaire\t\t\t\t<\/span>\n\t\t\t\t\t\t<\/div>\n\t\t\t\t\t\t\t<div class='uagb-post__text uagb-post__excerpt'>\n\t\t\t\t\t<p>We were pleased to announce the kick-off meeting of the Erasmus+ &#8220;Learn Project &amp; Exchange&#8221;&#8230;\t\t\t\t<\/div>\n\t\t\t\t\t\t<div class=\"uagb-post__text uagb-post__cta wp-block-button\">\n\t\t\t\t<a class=\"wp-block-button__link uagb-text-link\" style=\"\" href=\"https:\/\/inlitas.org\/fr\/establishment-of-the-project-learnexchange\/\" target=\"_self\" rel=\"bookmark noopener noreferrer\">Lire la suite<\/a>\n\t\t\t<\/div>\n\t\t\t\n\t\t\t\t\t\t\t\t\t<\/article>\n\t\t\t\t\t\t\t\t\t\t\t\t\t\t\t\t<article class=\"uagb-post__inner-wrap\">\t\t\t\t\t\t\t\t<h4 class=\"uagb-post__title uagb-post__text\">\n\t\t\t\t<a href=\"https:\/\/inlitas.org\/fr\/upskilling-information-professionals\/\" target=\"_self\" rel=\"bookmark noopener noreferrer\">Renforcer les comp\u00e9tences des professionnels de l'information<\/a>\n\t\t\t<\/h4>\n\t\t\t\t\t\t<div class='uagb-post__text uagb-post-grid-byline'>\n\t\t\t\t\t\t\t\t<time datetime=\"2022-10-14T21:57:00+00:00\" class=\"uagb-post__date\">\n\t\t\t\t<span class=\"dashicons-calendar dashicons\"><\/span>\t\t\t\t\toctobre 14, 2022\t\t\t\t<\/time>\n\t\t\t\t\t\t\t<span class=\"uagb-post__comment\">\n\t\t\t\t<span class=\"dashicons-admin-comments dashicons\"><\/span>\t\t\t\t\tAucun commentaire\t\t\t\t<\/span>\n\t\t\t\t\t\t<\/div>\n\t\t\t\t\t\t\t<div class='uagb-post__text uagb-post__excerpt'>\n\t\t\t\t\t<p>We are delighted to share the highlights of the Erasmus+ Project Meeting that took place&#8230;\t\t\t\t<\/div>\n\t\t\t\t\t\t<div class=\"uagb-post__text uagb-post__cta wp-block-button\">\n\t\t\t\t<a class=\"wp-block-button__link uagb-text-link\" style=\"\" href=\"https:\/\/inlitas.org\/fr\/upskilling-information-professionals\/\" target=\"_self\" rel=\"bookmark noopener noreferrer\">Lire la suite<\/a>\n\t\t\t<\/div>\n\t\t\t\n\t\t\t\t\t\t\t\t\t<\/article>\n\t\t\t\t\t\t\t\t\t\t\t\t\t<div class=\"uagb-post-pagination-wrap\">\n\t\t\t\t\t\t<span aria-current=\"page\" class=\"page-numbers current\">1<\/span>\n<a class=\"page-numbers\" href=\"https:\/\/inlitas.org\/fr\/wp-json\/wp\/v2\/pages\/496\/page\/2\/\">2<\/a>\n<a class=\"next page-numbers\" href=\"https:\/\/inlitas.org\/fr\/wp-json\/wp\/v2\/pages\/496\/page\/2\/\">Next \u00bb<\/a>\t\t\t\t\t<\/div>\n\t\t\t\t\t\t\t\t<\/div>\n\t\t\t\n\n\n<div class=\"wp-block-columns is-layout-flex wp-container-core-columns-is-layout-2aa49d08 wp-block-columns-is-layout-flex\" style=\"padding-top:var(--wp--preset--spacing--50);padding-right:var(--wp--preset--spacing--50);padding-bottom:var(--wp--preset--spacing--50);padding-left:var(--wp--preset--spacing--50)\">\n<div class=\"wp-block-column is-layout-flow wp-block-column-is-layout-flow\" style=\"flex-basis:33.33%\">\n<figure class=\"wp-block-image size-large\"><a href=\"https:\/\/erasmus-plus.ec.europa.eu\/\" target=\"_blank\" rel=\"noreferrer noopener nofollow\"><img loading=\"lazy\" decoding=\"async\" width=\"1024\" height=\"683\" src=\"https:\/\/inlitas.org\/wp-content\/uploads\/2023\/04\/erasmus-1024x683.webp\" alt=\"\" class=\"wp-image-484\" title=\"\" srcset=\"https:\/\/inlitas.org\/wp-content\/uploads\/2023\/04\/erasmus-1024x683.webp 1024w, https:\/\/inlitas.org\/wp-content\/uploads\/2023\/04\/erasmus-300x200.webp 300w, https:\/\/inlitas.org\/wp-content\/uploads\/2023\/04\/erasmus-768x512.webp 768w, https:\/\/inlitas.org\/wp-content\/uploads\/2023\/04\/erasmus-1536x1024.webp 1536w, https:\/\/inlitas.org\/wp-content\/uploads\/2023\/04\/erasmus.webp 2048w\" sizes=\"auto, (max-width: 1024px) 100vw, 1024px\" \/><\/a><\/figure>\n<\/div>\n\n\n\n<div class=\"wp-block-column is-layout-flow wp-block-column-is-layout-flow\" style=\"flex-basis:66.66%\">\n<p class=\"translation-block\">Cofinanc\u00e9 par Erasmus+<\/p>\n\n\n\n<p>Ce projet a \u00e9t\u00e9 financ\u00e9 avec le soutien de la Commission europ\u00e9enne. Cette publication n'engage que son auteur et la Commission ne peut \u00eatre tenue pour responsable de l'usage qui pourrait \u00eatre fait des informations contenues dans ce document.<\/p>\n<\/div>\n<\/div>","protected":false},"excerpt":{"rendered":"<p>Today, the most necessary 21st century skills and knowledge include the content of infrastructure, connectivity and digital equipment; effective digital capacity planning and development, including up-to-date organisational capabilities; digitally competent and confident teachers and education and training staff; high-quality learning content, user-friendly tools and secure platforms which respect privacy and ethical standards; digital skills and [&hellip;]<\/p>","protected":false},"author":1,"featured_media":0,"parent":0,"menu_order":0,"comment_status":"closed","ping_status":"closed","template":"","meta":{"_uag_custom_page_level_css":"","site-sidebar-layout":"default","site-content-layout":"","ast-site-content-layout":"default","site-content-style":"default","site-sidebar-style":"default","ast-global-header-display":"","ast-banner-title-visibility":"","ast-main-header-display":"","ast-hfb-above-header-display":"","ast-hfb-below-header-display":"","ast-hfb-mobile-header-display":"","site-post-title":"disabled","ast-breadcrumbs-content":"","ast-featured-img":"","footer-sml-layout":"","theme-transparent-header-meta":"","adv-header-id-meta":"","stick-header-meta":"","header-above-stick-meta":"","header-main-stick-meta":"","header-below-stick-meta":"","astra-migrate-meta-layouts":"set","ast-page-background-enabled":"default","ast-page-background-meta":{"desktop":{"background-color":"var(--ast-global-color-4)","background-image":"","background-repeat":"repeat","background-position":"center center","background-size":"auto","background-attachment":"scroll","background-type":"","background-media":"","overlay-type":"","overlay-color":"","overlay-opacity":"","overlay-gradient":""},"tablet":{"background-color":"","background-image":"","background-repeat":"repeat","background-position":"center center","background-size":"auto","background-attachment":"scroll","background-type":"","background-media":"","overlay-type":"","overlay-color":"","overlay-opacity":"","overlay-gradient":""},"mobile":{"background-color":"","background-image":"","background-repeat":"repeat","background-position":"center center","background-size":"auto","background-attachment":"scroll","background-type":"","background-media":"","overlay-type":"","overlay-color":"","overlay-opacity":"","overlay-gradient":""}},"ast-content-background-meta":{"desktop":{"background-color":"var(--ast-global-color-5)","background-image":"","background-repeat":"repeat","background-position":"center center","background-size":"auto","background-attachment":"scroll","background-type":"","background-media":"","overlay-type":"","overlay-color":"","overlay-opacity":"","overlay-gradient":""},"tablet":{"background-color":"var(--ast-global-color-5)","background-image":"","background-repeat":"repeat","background-position":"center center","background-size":"auto","background-attachment":"scroll","background-type":"","background-media":"","overlay-type":"","overlay-color":"","overlay-opacity":"","overlay-gradient":""},"mobile":{"background-color":"var(--ast-global-color-5)","background-image":"","background-repeat":"repeat","background-position":"center center","background-size":"auto","background-attachment":"scroll","background-type":"","background-media":"","overlay-type":"","overlay-color":"","overlay-opacity":"","overlay-gradient":""}},"footnotes":""},"class_list":["post-496","page","type-page","status-publish","hentry"],"uagb_featured_image_src":{"full":false,"thumbnail":false,"medium":false,"medium_large":false,"large":false,"1536x1536":false,"2048x2048":false,"trp-custom-language-flag":false},"uagb_author_info":{"display_name":"InLitAs","author_link":"https:\/\/inlitas.org\/fr\/author\/admin\/"},"uagb_comment_info":0,"uagb_excerpt":"Today, the most necessary 21st century skills and knowledge include the content of infrastructure, connectivity and digital equipment; effective digital capacity planning and development, including up-to-date organisational capabilities; digitally competent and confident teachers and education and training staff; high-quality learning content, user-friendly tools and secure platforms which respect privacy and ethical standards; digital skills and\u2026","_links":{"self":[{"href":"https:\/\/inlitas.org\/fr\/wp-json\/wp\/v2\/pages\/496","targetHints":{"allow":["GET"]}}],"collection":[{"href":"https:\/\/inlitas.org\/fr\/wp-json\/wp\/v2\/pages"}],"about":[{"href":"https:\/\/inlitas.org\/fr\/wp-json\/wp\/v2\/types\/page"}],"author":[{"embeddable":true,"href":"https:\/\/inlitas.org\/fr\/wp-json\/wp\/v2\/users\/1"}],"replies":[{"embeddable":true,"href":"https:\/\/inlitas.org\/fr\/wp-json\/wp\/v2\/comments?post=496"}],"version-history":[{"count":4,"href":"https:\/\/inlitas.org\/fr\/wp-json\/wp\/v2\/pages\/496\/revisions"}],"predecessor-version":[{"id":1986,"href":"https:\/\/inlitas.org\/fr\/wp-json\/wp\/v2\/pages\/496\/revisions\/1986"}],"wp:attachment":[{"href":"https:\/\/inlitas.org\/fr\/wp-json\/wp\/v2\/media?parent=496"}],"curies":[{"name":"wp","href":"https:\/\/api.w.org\/{rel}","templated":true}]}}