{"id":457,"date":"2023-04-21T12:30:02","date_gmt":"2023-04-21T12:30:02","guid":{"rendered":"https:\/\/inlitas.org\/bacasable\/?page_id=457"},"modified":"2024-02-27T09:12:04","modified_gmt":"2024-02-27T09:12:04","slug":"digi-key","status":"publish","type":"page","link":"https:\/\/inlitas.org\/fr\/digi-key\/","title":{"rendered":"Digi-Key"},"content":{"rendered":"<div class=\"wp-block-cover alignfull is-light\" style=\"min-height:50px;aspect-ratio:unset;\"><span aria-hidden=\"true\" class=\"wp-block-cover__background has-background-dim-100 has-background-dim has-background-gradient\" style=\"background:linear-gradient(90deg,rgb(137,228,140) 0%,rgb(182,227,212) 50%,rgb(59,89,182) 100%)\"><\/span><div class=\"wp-block-cover__inner-container is-layout-flow wp-block-cover-is-layout-flow\">\n<div class=\"inherit-container-width wp-block-group alignwide is-layout-constrained wp-block-group-is-layout-constrained\">\n<div class=\"wp-block-media-text alignwide has-media-on-the-right is-stacked-on-mobile is-vertically-aligned-center\" style=\"grid-template-columns:auto 23%\"><div class=\"wp-block-media-text__content\">\n<h1 class=\"wp-block-heading has-text-align-left has-white-color has-text-color\">Digi-Key<\/h1>\n\n\n\n<p>Ann\u00e9e : 01\/11\/2021 - 01\/11\/2023<br>Programme : Erasmus+<br>Num\u00e9ro de r\u00e9f\u00e9rence : KA220-HED-FDDC22BA<br>Titre : DIGI-KEY (Cl\u00e9 du tr\u00e9sor d'information dans le monde num\u00e9rique)<br>Website: <a href=\"https:\/\/digi-key2022.eu\/\" rel=\"nofollow noopener\" target=\"_blank\">https:\/\/digi-key2022.eu\/<\/a><\/p>\n\n\n\n<h4 class=\"wp-block-heading\">Partenaires: <\/h4>\n\n\n\n<div class=\"wp-block-columns is-layout-flex wp-container-core-columns-is-layout-28f84493 wp-block-columns-is-layout-flex\">\n<div class=\"wp-block-column is-layout-flow wp-block-column-is-layout-flow\">\n<figure class=\"wp-block-image aligncenter size-full\"><a href=\"http:\/\/uni-sz.bg\/engl\/\" target=\"_blank\" rel=\"noreferrer noopener nofollow\"><img loading=\"lazy\" decoding=\"async\" width=\"225\" height=\"225\" src=\"https:\/\/inlitas.org\/wp-content\/uploads\/2023\/05\/trakia-calque.png\" alt=\"\" class=\"wp-image-845\" title=\"\" srcset=\"https:\/\/inlitas.org\/wp-content\/uploads\/2023\/05\/trakia-calque.png 225w, https:\/\/inlitas.org\/wp-content\/uploads\/2023\/05\/trakia-calque-150x150.png 150w\" sizes=\"auto, (max-width: 225px) 100vw, 225px\" \/><\/a><\/figure>\n<\/div>\n\n\n\n<div class=\"wp-block-column is-layout-flow wp-block-column-is-layout-flow\">\n<figure class=\"wp-block-image aligncenter size-full\"><a href=\"https:\/\/www.adu.edu.tr\/en\/\" target=\"_blank\" rel=\"noreferrer noopener nofollow\"><img loading=\"lazy\" decoding=\"async\" width=\"225\" height=\"225\" src=\"https:\/\/inlitas.org\/wp-content\/uploads\/2023\/05\/Aydin-calque.png\" alt=\"\" class=\"wp-image-846\" title=\"\" srcset=\"https:\/\/inlitas.org\/wp-content\/uploads\/2023\/05\/Aydin-calque.png 225w, https:\/\/inlitas.org\/wp-content\/uploads\/2023\/05\/Aydin-calque-150x150.png 150w\" sizes=\"auto, (max-width: 225px) 100vw, 225px\" \/><\/a><\/figure>\n<\/div>\n\n\n\n<div class=\"wp-block-column is-layout-flow wp-block-column-is-layout-flow\">\n<figure class=\"wp-block-image aligncenter size-full\"><a href=\"https:\/\/global.comu.edu.tr\/\" target=\"_blank\" rel=\"noreferrer noopener nofollow\"><img loading=\"lazy\" decoding=\"async\" width=\"225\" height=\"225\" src=\"https:\/\/inlitas.org\/wp-content\/uploads\/2023\/05\/COMU-calque.png\" alt=\"\" class=\"wp-image-847\" title=\"\" srcset=\"https:\/\/inlitas.org\/wp-content\/uploads\/2023\/05\/COMU-calque.png 225w, https:\/\/inlitas.org\/wp-content\/uploads\/2023\/05\/COMU-calque-150x150.png 150w\" sizes=\"auto, (max-width: 225px) 100vw, 225px\" \/><\/a><\/figure>\n<\/div>\n\n\n\n<div class=\"wp-block-column is-layout-flow wp-block-column-is-layout-flow\">\n<figure class=\"wp-block-image aligncenter size-full\"><a href=\"https:\/\/www.eurocultura.it\/en\/\" target=\"_blank\" rel=\"noreferrer noopener nofollow\"><img loading=\"lazy\" decoding=\"async\" width=\"225\" height=\"225\" src=\"https:\/\/inlitas.org\/wp-content\/uploads\/2023\/05\/Eurocultura-calque.png\" alt=\"\" class=\"wp-image-844\" title=\"\" srcset=\"https:\/\/inlitas.org\/wp-content\/uploads\/2023\/05\/Eurocultura-calque.png 225w, https:\/\/inlitas.org\/wp-content\/uploads\/2023\/05\/Eurocultura-calque-150x150.png 150w\" sizes=\"auto, (max-width: 225px) 100vw, 225px\" \/><\/a><\/figure>\n<\/div>\n\n\n\n<div class=\"wp-block-column is-layout-flow wp-block-column-is-layout-flow\">\n<figure class=\"wp-block-image aligncenter size-full\"><a href=\"https:\/\/inlitas.org\/fr\/\" target=\"_blank\" rel=\"noreferrer noopener\"><img loading=\"lazy\" decoding=\"async\" width=\"917\" height=\"917\" src=\"https:\/\/inlitas.org\/wp-content\/uploads\/2023\/04\/Logo_transparent-v2.png\" alt=\"\" class=\"wp-image-60\" title=\"\" srcset=\"https:\/\/inlitas.org\/wp-content\/uploads\/2023\/04\/Logo_transparent-v2.png 917w, https:\/\/inlitas.org\/wp-content\/uploads\/2023\/04\/Logo_transparent-v2-300x300.png 300w, https:\/\/inlitas.org\/wp-content\/uploads\/2023\/04\/Logo_transparent-v2-150x150.png 150w, https:\/\/inlitas.org\/wp-content\/uploads\/2023\/04\/Logo_transparent-v2-768x768.png 768w\" sizes=\"auto, (max-width: 917px) 100vw, 917px\" \/><\/a><\/figure>\n<\/div>\n<\/div>\n<\/div><figure class=\"wp-block-media-text__media\"><img decoding=\"async\" src=\"https:\/\/inlitas.org\/wp-content\/uploads\/2023\/02\/Digi-Key-Logo-sito-200x200-1.png\" alt=\"\" class=\"wp-image-473 size-full\" title=\"\"><\/figure><\/div>\n<\/div>\n<\/div><\/div>\n\n\n\n<p><\/p>\n\n\n\n<p>L'\u00e9ducation, comme tout autre domaine, se num\u00e9rise rapidement chaque jour. Les \u00e9tudiants n'ont pas acc\u00e8s aux informations correctes et n\u00e9cessaires et ne peuvent pas utiliser les possibilit\u00e9s existantes de ma\u00eetrise de l'information num\u00e9rique dans leurs devoirs et leurs th\u00e8ses. La plupart d'entre eux ne savent pas qu'ils ont entre les mains toutes les ressources d'information de leur t\u00e9l\u00e9phone portable. L'objectif principal du projet est de concevoir un programme d'\u00e9tudes innovant, orient\u00e9 et comp\u00e9titif correspondant \u00e0 la ma\u00eetrise de l'information num\u00e9rique d'aujourd'hui et de concevoir un cours d'apprentissage en ligne pour les \u00e9tudiants de l'universit\u00e9.<\/p>\n\n\n\n<p>R\u00e9sultats attendus :<br>1-PPR1 : Site web du projet \"UN SYST\u00c8ME D'\u00c9DUCATION EN LIGNE OUVERT - LA CL\u00c9 DU NUM\u00c9RIQUE pour cr\u00e9er un monde num\u00e9rique\". Ce site web d'\u00e9ducation ouverte \/ en ligne \/ num\u00e9rique - Massive Open On-line Course (MOOC) - sera ouvert \u00e0 toutes les \u00e9coles qui enseigneront la ma\u00eetrise de l'information num\u00e9rique dans le cadre d'un cours sur l'utilisation de l'internet dans leurs \u00e9coles. Tous les supports de formation et d'\u00e9ducation num\u00e9rique du projet seront t\u00e9l\u00e9charg\u00e9s et \u00e9volutifs.<br>2-PPR2 : Cours \/ programmes d'\u00e9tudes - Conception et d\u00e9veloppement -DIGI-KEY : Cr\u00e9ation de modules \u00e9ducatifs et de programmes d'\u00e9tudes afin d'enseigner aux \u00e9tudiants la ma\u00eetrise de l'information dans l'environnement num\u00e9rique.<br>3- PPR3 : Application mobile pour les t\u00e9l\u00e9phones portables : L'application DIGI-KEY pourra \u00eatre t\u00e9l\u00e9charg\u00e9e gratuitement sur les t\u00e9l\u00e9phones portables des \u00e9tudiants et des autres groupes cibles afin qu'ils puissent acc\u00e9der \u00e0 toutes sortes de programmes d'enseignement et de formation via les portails web et suivre les programmes d'enseignement \u00e0 distance pour les \u00e9tudiants et les autres personnes int\u00e9ress\u00e9es.<br>4- PPR4 : Un livre g\u00e9n\u00e9ral DIGI-KEY-BOOK pour l'enseignement \u00e0 distance sera pr\u00e9par\u00e9 en version imprim\u00e9e et num\u00e9rique et ce livre contiendra tous les r\u00e9sultats qui seront produits pendant la dur\u00e9e de vie du projet.<\/p>\n\n\n\n<h2 class=\"wp-block-heading\">Actualit\u00e9s<\/h2>\n\n\n\n<div class=\"wp-block-columns is-layout-flex wp-container-core-columns-is-layout-28f84493 wp-block-columns-is-layout-flex\">\n<div class=\"wp-block-column is-layout-flow wp-block-column-is-layout-flow\" style=\"flex-basis:66.66%\">\n\t\t\t<div class=\"wp-block-uagb-post-grid uagb-post-grid  uagb-post__image-position-top uagb-post__image-enabled uagb-block-80391244     uagb-post__items uagb-post__columns-2 is-grid uagb-post__columns-tablet-2 uagb-post__columns-mobile-1 uagb-post__equal-height uagb-equal_height_inline-read-more-buttons\" data-total=\"1\" style=\"\">\n\n\t\t\t\t\t\t\t\t\t\t\t\t<article class=\"uagb-post__inner-wrap\">\t\t\t\t\t\t\t\t<h4 class=\"uagb-post__title uagb-post__text\">\n\t\t\t\t<a href=\"https:\/\/inlitas.org\/fr\/digi-key-project-ready-to-go\/\" target=\"_self\" rel=\"bookmark noopener noreferrer\">Projet Digi-Key... Pr\u00eat \u00e0 partir !<\/a>\n\t\t\t<\/h4>\n\t\t\t\t\t\t<div class='uagb-post__text uagb-post-grid-byline'>\n\t\t\t\t\t\t\t\t<time datetime=\"2022-04-26T12:12:00+00:00\" class=\"uagb-post__date\">\n\t\t\t\t<span class=\"dashicons-calendar dashicons\"><\/span>\t\t\t\t\tavril 26, 2022\t\t\t\t<\/time>\n\t\t\t\t\t\t\t<span class=\"uagb-post__comment\">\n\t\t\t\t<span class=\"dashicons-admin-comments dashicons\"><\/span>\t\t\t\t\tAucun commentaire\t\t\t\t<\/span>\n\t\t\t\t\t\t<\/div>\n\t\t\t\t\t\t\t<div class='uagb-post__text uagb-post__excerpt'>\n\t\t\t\t\t<p>The kickoff meeting of the European Project DIGI-KEY has been held in the city of&#8230;\t\t\t\t<\/div>\n\t\t\t\t\t\t<div class=\"uagb-post__text uagb-post__cta wp-block-button\">\n\t\t\t\t<a class=\"wp-block-button__link uagb-text-link\" style=\"\" href=\"https:\/\/inlitas.org\/fr\/digi-key-project-ready-to-go\/\" target=\"_self\" rel=\"bookmark noopener noreferrer\">Lire la suite<\/a>\n\t\t\t<\/div>\n\t\t\t\n\t\t\t\t\t\t\t\t\t<\/article>\n\t\t\t\t\t\t\t\t\t\t\t\t\t\t\t\t<article class=\"uagb-post__inner-wrap\">\t\t\t\t\t\t\t\t<h4 class=\"uagb-post__title uagb-post__text\">\n\t\t\t\t<a href=\"https:\/\/inlitas.org\/fr\/digi-key-first-transnational-meeting\/\" target=\"_self\" rel=\"bookmark noopener noreferrer\">Digi-Key : Premi\u00e8re r\u00e9union transnationale<\/a>\n\t\t\t<\/h4>\n\t\t\t\t\t\t<div class='uagb-post__text uagb-post-grid-byline'>\n\t\t\t\t\t\t\t\t<time datetime=\"2022-04-30T20:45:00+00:00\" class=\"uagb-post__date\">\n\t\t\t\t<span class=\"dashicons-calendar dashicons\"><\/span>\t\t\t\t\tavril 30, 2022\t\t\t\t<\/time>\n\t\t\t\t\t\t\t<span class=\"uagb-post__comment\">\n\t\t\t\t<span class=\"dashicons-admin-comments dashicons\"><\/span>\t\t\t\t\tAucun commentaire\t\t\t\t<\/span>\n\t\t\t\t\t\t<\/div>\n\t\t\t\t\t\t\t<div class='uagb-post__text uagb-post__excerpt'>\n\t\t\t\t\t<p>The first transnational project meeting was held in Bulgaria on 26-27 april of 2022. At&#8230;\t\t\t\t<\/div>\n\t\t\t\t\t\t<div class=\"uagb-post__text uagb-post__cta wp-block-button\">\n\t\t\t\t<a class=\"wp-block-button__link uagb-text-link\" style=\"\" href=\"https:\/\/inlitas.org\/fr\/digi-key-first-transnational-meeting\/\" target=\"_self\" rel=\"bookmark noopener noreferrer\">Lire la suite<\/a>\n\t\t\t<\/div>\n\t\t\t\n\t\t\t\t\t\t\t\t\t<\/article>\n\t\t\t\t\t\t\t\t\t\t\t\t\t\t\t\t<article class=\"uagb-post__inner-wrap\">\t\t\t\t\t\t\t\t<h4 class=\"uagb-post__title uagb-post__text\">\n\t\t\t\t<a href=\"https:\/\/inlitas.org\/fr\/differents-outputs-in-the-digi-key\/\" target=\"_self\" rel=\"bookmark noopener noreferrer\">Divers r\u00e9sultats pr\u00e9sent\u00e9s lors de la r\u00e9union de Digi-Key \u00e0 Paris<\/a>\n\t\t\t<\/h4>\n\t\t\t\t\t\t<div class='uagb-post__text uagb-post-grid-byline'>\n\t\t\t\t\t\t\t\t<time datetime=\"2022-11-07T12:17:00+00:00\" class=\"uagb-post__date\">\n\t\t\t\t<span class=\"dashicons-calendar dashicons\"><\/span>\t\t\t\t\tnovembre 7, 2022\t\t\t\t<\/time>\n\t\t\t\t\t\t\t<span class=\"uagb-post__comment\">\n\t\t\t\t<span class=\"dashicons-admin-comments dashicons\"><\/span>\t\t\t\t\tAucun commentaire\t\t\t\t<\/span>\n\t\t\t\t\t\t<\/div>\n\t\t\t\t\t\t\t<div class='uagb-post__text uagb-post__excerpt'>\n\t\t\t\t\t<p>On 07th and 8th of November, the DIGI-KEY project team met in Paris to discuss&#8230;\t\t\t\t<\/div>\n\t\t\t\t\t\t<div class=\"uagb-post__text uagb-post__cta wp-block-button\">\n\t\t\t\t<a class=\"wp-block-button__link uagb-text-link\" style=\"\" href=\"https:\/\/inlitas.org\/fr\/differents-outputs-in-the-digi-key\/\" target=\"_self\" rel=\"bookmark noopener noreferrer\">Lire la suite<\/a>\n\t\t\t<\/div>\n\t\t\t\n\t\t\t\t\t\t\t\t\t<\/article>\n\t\t\t\t\t\t\t\t\t\t\t\t\t\t\t\t<article class=\"uagb-post__inner-wrap\">\t\t\t\t\t\t\t\t<h4 class=\"uagb-post__title uagb-post__text\">\n\t\t\t\t<a href=\"https:\/\/inlitas.org\/fr\/digi-keys-report-for-2022\/\" target=\"_self\" rel=\"bookmark noopener noreferrer\">Rapport de Digi-Key pour 2022<\/a>\n\t\t\t<\/h4>\n\t\t\t\t\t\t<div class='uagb-post__text uagb-post-grid-byline'>\n\t\t\t\t\t\t\t\t<time datetime=\"2023-02-14T17:12:00+00:00\" class=\"uagb-post__date\">\n\t\t\t\t<span class=\"dashicons-calendar dashicons\"><\/span>\t\t\t\t\tf\u00e9vrier 14, 2023\t\t\t\t<\/time>\n\t\t\t\t\t\t\t<span class=\"uagb-post__comment\">\n\t\t\t\t<span class=\"dashicons-admin-comments dashicons\"><\/span>\t\t\t\t\tAucun commentaire\t\t\t\t<\/span>\n\t\t\t\t\t\t<\/div>\n\t\t\t\t\t\t\t<div class='uagb-post__text uagb-post__excerpt'>\n\t\t\t\t\t<p>We invite you to delve into the Report of 2022. It is a testament to&#8230;\t\t\t\t<\/div>\n\t\t\t\t\t\t<div class=\"uagb-post__text uagb-post__cta wp-block-button\">\n\t\t\t\t<a class=\"wp-block-button__link uagb-text-link\" style=\"\" href=\"https:\/\/inlitas.org\/fr\/digi-keys-report-for-2022\/\" target=\"_self\" rel=\"bookmark noopener noreferrer\">Lire la suite<\/a>\n\t\t\t<\/div>\n\t\t\t\n\t\t\t\t\t\t\t\t\t<\/article>\n\t\t\t\t\t\t\t\t\t\t\t\t\t\t\t\t<article class=\"uagb-post__inner-wrap\">\t\t\t\t\t\t\t\t<h4 class=\"uagb-post__title uagb-post__text\">\n\t\t\t\t<a href=\"https:\/\/inlitas.org\/fr\/successful-results-presented-of-the-digi-key-project\/\" target=\"_self\" rel=\"bookmark noopener noreferrer\">Des r\u00e9sultats probants pr\u00e9sent\u00e9s lors de la r\u00e9union en ligne du projet DIGI-KEY<\/a>\n\t\t\t<\/h4>\n\t\t\t\t\t\t<div class='uagb-post__text uagb-post-grid-byline'>\n\t\t\t\t\t\t\t\t<time datetime=\"2023-02-24T12:27:00+00:00\" class=\"uagb-post__date\">\n\t\t\t\t<span class=\"dashicons-calendar dashicons\"><\/span>\t\t\t\t\tf\u00e9vrier 24, 2023\t\t\t\t<\/time>\n\t\t\t\t\t\t\t<span class=\"uagb-post__comment\">\n\t\t\t\t<span class=\"dashicons-admin-comments dashicons\"><\/span>\t\t\t\t\tAucun commentaire\t\t\t\t<\/span>\n\t\t\t\t\t\t<\/div>\n\t\t\t\t\t\t\t<div class='uagb-post__text uagb-post__excerpt'>\n\t\t\t\t\t<p>Key to Information Treasure in Digital World- Digital Literacy in Higher Education, also known as&#8230;\t\t\t\t<\/div>\n\t\t\t\t\t\t<div class=\"uagb-post__text uagb-post__cta wp-block-button\">\n\t\t\t\t<a class=\"wp-block-button__link uagb-text-link\" style=\"\" href=\"https:\/\/inlitas.org\/fr\/successful-results-presented-of-the-digi-key-project\/\" target=\"_self\" rel=\"bookmark noopener noreferrer\">Lire la suite<\/a>\n\t\t\t<\/div>\n\t\t\t\n\t\t\t\t\t\t\t\t\t<\/article>\n\t\t\t\t\t\t\t\t\t\t\t\t\t<div class=\"uagb-post-pagination-wrap\">\n\t\t\t\t\t\t\t\t\t\t\t<\/div>\n\t\t\t\t\t\t\t\t<\/div>\n\t\t\t<\/div>\n<\/div>\n\n\n\n<div class=\"wp-block-columns is-layout-flex wp-container-core-columns-is-layout-2aa49d08 wp-block-columns-is-layout-flex\" style=\"padding-top:var(--wp--preset--spacing--50);padding-right:var(--wp--preset--spacing--50);padding-bottom:var(--wp--preset--spacing--50);padding-left:var(--wp--preset--spacing--50)\">\n<div class=\"wp-block-column is-layout-flow wp-block-column-is-layout-flow\" style=\"flex-basis:33.33%\">\n<figure class=\"wp-block-image size-large\"><a href=\"https:\/\/erasmus-plus.ec.europa.eu\/\" target=\"_blank\" rel=\"noreferrer noopener nofollow\"><img loading=\"lazy\" decoding=\"async\" width=\"1024\" height=\"683\" src=\"https:\/\/inlitas.org\/wp-content\/uploads\/2023\/04\/erasmus-1024x683.webp\" alt=\"\" class=\"wp-image-484\" title=\"\" srcset=\"https:\/\/inlitas.org\/wp-content\/uploads\/2023\/04\/erasmus-1024x683.webp 1024w, https:\/\/inlitas.org\/wp-content\/uploads\/2023\/04\/erasmus-300x200.webp 300w, https:\/\/inlitas.org\/wp-content\/uploads\/2023\/04\/erasmus-768x512.webp 768w, https:\/\/inlitas.org\/wp-content\/uploads\/2023\/04\/erasmus-1536x1024.webp 1536w, https:\/\/inlitas.org\/wp-content\/uploads\/2023\/04\/erasmus.webp 2048w\" sizes=\"auto, (max-width: 1024px) 100vw, 1024px\" \/><\/a><\/figure>\n<\/div>\n\n\n\n<div class=\"wp-block-column is-layout-flow wp-block-column-is-layout-flow\" style=\"flex-basis:66.66%\">\n<p><\/p>\n\n\n\n<p class=\"translation-block\">Cofinanc\u00e9 par Erasmus+<\/p>\n\n\n\n<p>Ce projet a \u00e9t\u00e9 financ\u00e9 avec le soutien de la Commission europ\u00e9enne. Cette publication n'engage que son auteur et la Commission ne peut \u00eatre tenue pour responsable de l'usage qui pourrait \u00eatre fait des informations contenues dans ce document.<\/p>\n<\/div>\n<\/div>","protected":false},"excerpt":{"rendered":"<p>Education, as in every field, is rapidly becoming digital with each passing day. Students cannot access correct and necessary information and cannot use the existing possibilities of digital information literacy in their homework and thesis. Most of these students are not aware that they have all the information resources on their mobile phones in their [&hellip;]<\/p>","protected":false},"author":1,"featured_media":0,"parent":0,"menu_order":0,"comment_status":"closed","ping_status":"closed","template":"","meta":{"_uag_custom_page_level_css":"","site-sidebar-layout":"default","site-content-layout":"boxed-container","ast-site-content-layout":"normal-width-container","site-content-style":"boxed","site-sidebar-style":"boxed","ast-global-header-display":"","ast-banner-title-visibility":"","ast-main-header-display":"","ast-hfb-above-header-display":"","ast-hfb-below-header-display":"","ast-hfb-mobile-header-display":"","site-post-title":"disabled","ast-breadcrumbs-content":"","ast-featured-img":"","footer-sml-layout":"","theme-transparent-header-meta":"","adv-header-id-meta":"","stick-header-meta":"","header-above-stick-meta":"","header-main-stick-meta":"","header-below-stick-meta":"","astra-migrate-meta-layouts":"set","ast-page-background-enabled":"default","ast-page-background-meta":{"desktop":{"background-color":"var(--ast-global-color-4)","background-image":"","background-repeat":"repeat","background-position":"center center","background-size":"auto","background-attachment":"scroll","background-type":"","background-media":"","overlay-type":"","overlay-color":"","overlay-opacity":"","overlay-gradient":""},"tablet":{"background-color":"","background-image":"","background-repeat":"repeat","background-position":"center center","background-size":"auto","background-attachment":"scroll","background-type":"","background-media":"","overlay-type":"","overlay-color":"","overlay-opacity":"","overlay-gradient":""},"mobile":{"background-color":"","background-image":"","background-repeat":"repeat","background-position":"center center","background-size":"auto","background-attachment":"scroll","background-type":"","background-media":"","overlay-type":"","overlay-color":"","overlay-opacity":"","overlay-gradient":""}},"ast-content-background-meta":{"desktop":{"background-color":"var(--ast-global-color-5)","background-image":"","background-repeat":"repeat","background-position":"center center","background-size":"auto","background-attachment":"scroll","background-type":"","background-media":"","overlay-type":"","overlay-color":"","overlay-opacity":"","overlay-gradient":""},"tablet":{"background-color":"var(--ast-global-color-5)","background-image":"","background-repeat":"repeat","background-position":"center center","background-size":"auto","background-attachment":"scroll","background-type":"","background-media":"","overlay-type":"","overlay-color":"","overlay-opacity":"","overlay-gradient":""},"mobile":{"background-color":"var(--ast-global-color-5)","background-image":"","background-repeat":"repeat","background-position":"center center","background-size":"auto","background-attachment":"scroll","background-type":"","background-media":"","overlay-type":"","overlay-color":"","overlay-opacity":"","overlay-gradient":""}},"footnotes":""},"class_list":["post-457","page","type-page","status-publish","hentry"],"uagb_featured_image_src":{"full":false,"thumbnail":false,"medium":false,"medium_large":false,"large":false,"1536x1536":false,"2048x2048":false,"trp-custom-language-flag":false},"uagb_author_info":{"display_name":"InLitAs","author_link":"https:\/\/inlitas.org\/fr\/author\/admin\/"},"uagb_comment_info":0,"uagb_excerpt":"Education, as in every field, is rapidly becoming digital with each passing day. Students cannot access correct and necessary information and cannot use the existing possibilities of digital information literacy in their homework and thesis. Most of these students are not aware that they have all the information resources on their mobile phones in their\u2026","_links":{"self":[{"href":"https:\/\/inlitas.org\/fr\/wp-json\/wp\/v2\/pages\/457","targetHints":{"allow":["GET"]}}],"collection":[{"href":"https:\/\/inlitas.org\/fr\/wp-json\/wp\/v2\/pages"}],"about":[{"href":"https:\/\/inlitas.org\/fr\/wp-json\/wp\/v2\/types\/page"}],"author":[{"embeddable":true,"href":"https:\/\/inlitas.org\/fr\/wp-json\/wp\/v2\/users\/1"}],"replies":[{"embeddable":true,"href":"https:\/\/inlitas.org\/fr\/wp-json\/wp\/v2\/comments?post=457"}],"version-history":[{"count":4,"href":"https:\/\/inlitas.org\/fr\/wp-json\/wp\/v2\/pages\/457\/revisions"}],"predecessor-version":[{"id":2122,"href":"https:\/\/inlitas.org\/fr\/wp-json\/wp\/v2\/pages\/457\/revisions\/2122"}],"wp:attachment":[{"href":"https:\/\/inlitas.org\/fr\/wp-json\/wp\/v2\/media?parent=457"}],"curies":[{"name":"wp","href":"https:\/\/api.w.org\/{rel}","templated":true}]}}