{"id":2044,"date":"2024-04-10T09:38:15","date_gmt":"2024-04-10T09:38:15","guid":{"rendered":"https:\/\/inlitas.org\/?page_id=2044"},"modified":"2024-04-11T14:03:13","modified_gmt":"2024-04-11T14:03:13","slug":"international-research-project-2","status":"publish","type":"page","link":"https:\/\/inlitas.org\/fr\/international-research-project-2\/","title":{"rendered":"International Research Project"},"content":{"rendered":"<div class=\"wp-block-cover alignfull is-light\" style=\"min-height:420px;aspect-ratio:unset;\"><span aria-hidden=\"true\" class=\"wp-block-cover__background has-background-dim-100 has-background-dim has-background-gradient\" style=\"background:linear-gradient(90deg,rgb(137,228,140) 0%,rgb(182,227,212) 50%,rgb(59,89,182) 100%)\"><\/span><div class=\"wp-block-cover__inner-container is-layout-flow wp-block-cover-is-layout-flow\">\n<div class=\"inherit-container-width wp-block-group alignwide is-layout-constrained wp-block-group-is-layout-constrained\">\n<div class=\"wp-block-media-text alignwide has-media-on-the-right is-stacked-on-mobile is-vertically-aligned-center\" style=\"grid-template-columns:auto 23%\"><div class=\"wp-block-media-text__content\">\n<h1 class=\"wp-block-heading has-text-align-left has-white-color has-text-color\">Projets internationaux de recherche<\/h1>\n<\/div><figure class=\"wp-block-media-text__media\"><img loading=\"lazy\" decoding=\"async\" width=\"917\" height=\"917\" src=\"https:\/\/inlitas.org\/wp-content\/uploads\/2023\/04\/Logo_transparent-v2.png\" alt=\"\" class=\"wp-image-60 size-full\" title=\"\" srcset=\"https:\/\/inlitas.org\/wp-content\/uploads\/2023\/04\/Logo_transparent-v2.png 917w, https:\/\/inlitas.org\/wp-content\/uploads\/2023\/04\/Logo_transparent-v2-300x300.png 300w, https:\/\/inlitas.org\/wp-content\/uploads\/2023\/04\/Logo_transparent-v2-150x150.png 150w, https:\/\/inlitas.org\/wp-content\/uploads\/2023\/04\/Logo_transparent-v2-768x768.png 768w\" sizes=\"auto, (max-width: 917px) 100vw, 917px\" \/><\/figure><\/div>\n<\/div>\n<\/div><\/div>\n\n\n\n<div class=\"wp-block-columns is-layout-flex wp-container-core-columns-is-layout-60cbf9bb wp-block-columns-is-layout-flex\" style=\"margin-top:50px\">\n<div class=\"wp-block-column is-layout-flow wp-container-core-column-is-layout-6b73ce23 wp-block-column-is-layout-flow\">\n<figure class=\"wp-block-image size-full\"><img loading=\"lazy\" decoding=\"async\" width=\"480\" height=\"600\" src=\"https:\/\/inlitas.org\/wp-content\/uploads\/2024\/04\/ARFIS.jpg\" alt=\"\" class=\"wp-image-2081\" title=\"\" srcset=\"https:\/\/inlitas.org\/wp-content\/uploads\/2024\/04\/ARFIS.jpg 480w, https:\/\/inlitas.org\/wp-content\/uploads\/2024\/04\/ARFIS-240x300.jpg 240w\" sizes=\"auto, (max-width: 480px) 100vw, 480px\" \/><\/figure>\n\n\n\n<h3 class=\"wp-block-heading has-text-align-center\" style=\"margin-top:16px\"><a href=\"https:\/\/inlitas.org\/fr\/arfis-study\/\" target=\"_blank\" rel=\"noreferrer noopener\">ARFIS<\/a><\/h3>\n\n\n\n<p>L'\u00e9tude internationale sur les formats de lecture acad\u00e9mique (ARFIS) est l'enqu\u00eate la plus compl\u00e8te \u00e0 ce jour. Elle examine les comportements et les attitudes des \u00e9tudiants universitaires \u00e0 l'\u00e9gard de la lecture de textes acad\u00e9miques sur des appareils \u00e9lectroniques et sur des supports imprim\u00e9s. Elle englobe les r\u00e9ponses d'\u00e9tudiants de 33 pays.<\/p>\n<\/div>\n\n\n\n<div class=\"wp-block-column is-layout-flow wp-container-core-column-is-layout-6b73ce23 wp-block-column-is-layout-flow\" style=\"border-style:none;border-width:0px\">\n<figure class=\"wp-block-image size-full\"><img loading=\"lazy\" decoding=\"async\" width=\"480\" height=\"600\" src=\"https:\/\/inlitas.org\/wp-content\/uploads\/2024\/04\/CoLis.jpg\" alt=\"\" class=\"wp-image-2082\" title=\"\" srcset=\"https:\/\/inlitas.org\/wp-content\/uploads\/2024\/04\/CoLis.jpg 480w, https:\/\/inlitas.org\/wp-content\/uploads\/2024\/04\/CoLis-240x300.jpg 240w\" sizes=\"auto, (max-width: 480px) 100vw, 480px\" \/><\/figure>\n\n\n\n<h3 class=\"wp-block-heading has-text-align-center\" style=\"margin-top:16px\"><a href=\"https:\/\/inlitas.org\/fr\/copyright-literacy-survey-colis\/\" target=\"_blank\" rel=\"noreferrer noopener\">CoLIS<\/a><\/h3>\n\n\n\n<p>Notre objectif est de collecter des donn\u00e9es sur les connaissances et la sensibilisation des \u00e9tudiants en sciences de l'information et de la communication aux questions li\u00e9es au droit d'auteur dans diff\u00e9rents pays et de d\u00e9terminer les lacunes \u00e9ventuelles dans leurs connaissances afin d'\u00e9laborer des recommandations pour l'enseignement des sciences de l'information et de la communication.<\/p>\n<\/div>\n\n\n\n<div class=\"wp-block-column is-layout-flow wp-container-core-column-is-layout-6b73ce23 wp-block-column-is-layout-flow\" style=\"border-style:none;border-width:0px\">\n<figure class=\"wp-block-image size-full\"><img loading=\"lazy\" decoding=\"async\" width=\"480\" height=\"600\" src=\"https:\/\/inlitas.org\/wp-content\/uploads\/2024\/04\/DisMis.jpg\" alt=\"\" class=\"wp-image-2083\" title=\"\" srcset=\"https:\/\/inlitas.org\/wp-content\/uploads\/2024\/04\/DisMis.jpg 480w, https:\/\/inlitas.org\/wp-content\/uploads\/2024\/04\/DisMis-240x300.jpg 240w\" sizes=\"auto, (max-width: 480px) 100vw, 480px\" \/><\/figure>\n\n\n\n<h3 class=\"wp-block-heading has-text-align-center\" style=\"margin-top:16px\"><a href=\"https:\/\/inlitas.org\/fr\/disinformation-misinformation\/\" target=\"_blank\" data-type=\"link\" data-id=\"https:\/\/inlitas.org\/copyright-literacy-survey-colis\/\" rel=\"noreferrer noopener\">DisMis<\/a><\/h3>\n\n\n\n<p>Les biblioth\u00e9caires universitaires sont consid\u00e9r\u00e9s comme des personnages cl\u00e9s dans la lutte contre la diffusion de la d\u00e9sinformation. Cette recherche s'int\u00e9resse \u00e0 leur point de vue sur cette question et \u00e0 la mani\u00e8re dont ils int\u00e8grent l'enseignement de la ma\u00eetrise de l'information sur la d\u00e9sinformation dans leurs sessions. <\/p>\n<\/div>\n\n\n\n<div class=\"wp-block-column is-layout-flow wp-container-core-column-is-layout-6b73ce23 wp-block-column-is-layout-flow\">\n<div class=\"wp-block-columns is-layout-flex wp-container-core-columns-is-layout-28f84493 wp-block-columns-is-layout-flex\">\n<div class=\"wp-block-column is-layout-flow wp-block-column-is-layout-flow\" style=\"flex-basis:100%\">\n<div class=\"wp-block-uagb-image uagb-block-d9b652a0 wp-block-uagb-image--layout-default wp-block-uagb-image--effect-static wp-block-uagb-image--align-none\"><figure class=\"wp-block-uagb-image__figure\"><img decoding=\"async\" srcset=\"https:\/\/inlitas.org\/wp-content\/uploads\/2024\/04\/ReDam.jpg ,https:\/\/inlitas.org\/wp-content\/uploads\/2024\/04\/ReDam.jpg 780w, https:\/\/inlitas.org\/wp-content\/uploads\/2024\/04\/ReDam.jpg 360w\" sizes=\"auto, (max-width: 480px) 150px\" src=\"https:\/\/inlitas.org\/wp-content\/uploads\/2024\/04\/ReDam.jpg\" alt=\"\" class=\"uag-image-2084\" width=\"480\" height=\"600\" title=\"xr:d:DAF_36kLGRs:14,j:2425612837717984720,t:24041014\" loading=\"lazy\" role=\"img\"><\/figure><\/div>\n<\/div>\n<\/div>\n\n\n\n<h3 class=\"wp-block-heading has-text-align-center\" style=\"margin-top:16px\"><a href=\"https:\/\/inlitas.org\/fr\/redam\/\" target=\"_blank\" rel=\"noreferrer noopener\">ReDaM<\/a><\/h3>\n\n\n\n<p>L'objectif est de collecter des donn\u00e9es sur la ma\u00eetrise des donn\u00e9es par les universitaires, les chercheurs et les \u00e9tudiants en recherche dans les \u00e9tablissements d'enseignement sup\u00e9rieur. Cette recherche a \u00e9t\u00e9 men\u00e9e dans trois pays, \u00e0 savoir l'Angleterre, la France et la Turquie, au d\u00e9but de l'ann\u00e9e 2016.<\/p>\n<\/div>\n<\/div>\n\n\n\n<h2 class=\"wp-block-heading\">Publications sur les projets de recherche internationaux<\/h2>\n\n\n\n\t\t\t<div class=\"wp-block-uagb-post-grid uagb-post-grid  uagb-post__image-position-top uagb-post__image-enabled uagb-block-925246e3     uagb-post__items uagb-post__columns-3 is-grid uagb-post__columns-tablet-2 uagb-post__columns-mobile-1 uagb-post__equal-height uagb-equal_height_inline-read-more-buttons\" data-total=\"3\" style=\"\">\n\n\t\t\t\t\t\t\t\t\t\t\t\t<article class=\"uagb-post__inner-wrap\">\t\t\t\t\t\t\t\t<h4 class=\"uagb-post__title uagb-post__text\">\n\t\t\t\t<a href=\"https:\/\/inlitas.org\/fr\/copyright-literacy-of-librarians-in-france\/\" target=\"_self\" rel=\"bookmark noopener noreferrer\">Culture du droit d'auteur des biblioth\u00e9caires en France<\/a>\n\t\t\t<\/h4>\n\t\t\t\t\t\t<div class='uagb-post__text uagb-post-grid-byline'>\n\t\t\t\t\t\t\t\t<time datetime=\"2014-05-10T12:05:00+00:00\" class=\"uagb-post__date\">\n\t\t\t\t<span class=\"dashicons-calendar dashicons\"><\/span>\t\t\t\t\tmai 10, 2014\t\t\t\t<\/time>\n\t\t\t\t\t\t\t<span class=\"uagb-post__comment\">\n\t\t\t\t<span class=\"dashicons-admin-comments dashicons\"><\/span>\t\t\t\t\tAucun commentaire\t\t\t\t<\/span>\n\t\t\t\t\t\t<\/div>\n\t\t\t\t\t\t\t<div class='uagb-post__text uagb-post__excerpt'>\n\t\t\t\t\t<p>This paper aims to produce comprehensive knowledge in the copyright literacy of French librarians. To&#8230;\t\t\t\t<\/div>\n\t\t\t\t\t\t<div class=\"uagb-post__text uagb-post__cta wp-block-button\">\n\t\t\t\t<a class=\"wp-block-button__link uagb-text-link\" style=\"\" href=\"https:\/\/inlitas.org\/fr\/copyright-literacy-of-librarians-in-france\/\" target=\"_self\" rel=\"bookmark noopener noreferrer\">Lire la suite<\/a>\n\t\t\t<\/div>\n\t\t\t\n\t\t\t\t\t\t\t\t\t<\/article>\n\t\t\t\t\t\t\t\t\t\t\t\t\t\t\t\t<article class=\"uagb-post__inner-wrap\">\t\t\t\t\t\t\t\t<h4 class=\"uagb-post__title uagb-post__text\">\n\t\t\t\t<a href=\"https:\/\/inlitas.org\/fr\/undergraduates-academic-reading-format-preferences-and-behaviors\/\" target=\"_self\" rel=\"bookmark noopener noreferrer\">Pr\u00e9f\u00e9rences et comportements des \u00e9tudiants en mati\u00e8re de format de lecture acad\u00e9mique<\/a>\n\t\t\t<\/h4>\n\t\t\t\t\t\t<div class='uagb-post__text uagb-post-grid-byline'>\n\t\t\t\t\t\t\t\t<time datetime=\"2015-05-30T12:39:00+00:00\" class=\"uagb-post__date\">\n\t\t\t\t<span class=\"dashicons-calendar dashicons\"><\/span>\t\t\t\t\tmai 30, 2015\t\t\t\t<\/time>\n\t\t\t\t\t\t\t<span class=\"uagb-post__comment\">\n\t\t\t\t<span class=\"dashicons-admin-comments dashicons\"><\/span>\t\t\t\t\tAucun commentaire\t\t\t\t<\/span>\n\t\t\t\t\t\t<\/div>\n\t\t\t\t\t\t\t<div class='uagb-post__text uagb-post__excerpt'>\n\t\t\t\t\t<p>This study of undergraduates&#8217; academic reading format preferences and behaviors asks the questions: What are&#8230;\t\t\t\t<\/div>\n\t\t\t\t\t\t<div class=\"uagb-post__text uagb-post__cta wp-block-button\">\n\t\t\t\t<a class=\"wp-block-button__link uagb-text-link\" style=\"\" href=\"https:\/\/inlitas.org\/fr\/undergraduates-academic-reading-format-preferences-and-behaviors\/\" target=\"_self\" rel=\"bookmark noopener noreferrer\">Lire la suite<\/a>\n\t\t\t<\/div>\n\t\t\t\n\t\t\t\t\t\t\t\t\t<\/article>\n\t\t\t\t\t\t\t\t\t\t\t\t\t\t\t\t<article class=\"uagb-post__inner-wrap\">\t\t\t\t\t\t\t\t<h4 class=\"uagb-post__title uagb-post__text\">\n\t\t\t\t<a href=\"https:\/\/inlitas.org\/fr\/copyright-literacy-in-the-uk-a-survey-of-librarians-and-other-cultural-heritage-sector-professionals\/\" target=\"_self\" rel=\"bookmark noopener noreferrer\">Culture du droit d'auteur au Royaume-Uni : une enqu\u00eate aupr\u00e8s des biblioth\u00e9caires et d'autres professionnels du secteur du patrimoine culturel<\/a>\n\t\t\t<\/h4>\n\t\t\t\t\t\t<div class='uagb-post__text uagb-post-grid-byline'>\n\t\t\t\t\t\t\t\t<time datetime=\"2015-12-22T12:16:00+00:00\" class=\"uagb-post__date\">\n\t\t\t\t<span class=\"dashicons-calendar dashicons\"><\/span>\t\t\t\t\td\u00e9cembre 22, 2015\t\t\t\t<\/time>\n\t\t\t\t\t\t\t<span class=\"uagb-post__comment\">\n\t\t\t\t<span class=\"dashicons-admin-comments dashicons\"><\/span>\t\t\t\t\tAucun commentaire\t\t\t\t<\/span>\n\t\t\t\t\t\t<\/div>\n\t\t\t\t\t\t\t<div class='uagb-post__text uagb-post__excerpt'>\n\t\t\t\t\t<p>Based on a survey of UK library and information professionals and those who work in&#8230;\t\t\t\t<\/div>\n\t\t\t\t\t\t<div class=\"uagb-post__text uagb-post__cta wp-block-button\">\n\t\t\t\t<a class=\"wp-block-button__link uagb-text-link\" style=\"\" href=\"https:\/\/inlitas.org\/fr\/copyright-literacy-in-the-uk-a-survey-of-librarians-and-other-cultural-heritage-sector-professionals\/\" target=\"_self\" rel=\"bookmark noopener noreferrer\">Lire la suite<\/a>\n\t\t\t<\/div>\n\t\t\t\n\t\t\t\t\t\t\t\t\t<\/article>\n\t\t\t\t\t\t\t\t\t\t\t\t\t\t\t\t<article class=\"uagb-post__inner-wrap\">\t\t\t\t\t\t\t\t<h4 class=\"uagb-post__title uagb-post__text\">\n\t\t\t\t<a href=\"https:\/\/inlitas.org\/fr\/copyright-literacy-in-finnish-libraries-archives-and-museums\/\" target=\"_self\" rel=\"bookmark noopener noreferrer\">Culture du droit d'auteur dans les biblioth\u00e8ques, les archives et les mus\u00e9es finlandais<\/a>\n\t\t\t<\/h4>\n\t\t\t\t\t\t<div class='uagb-post__text uagb-post-grid-byline'>\n\t\t\t\t\t\t\t\t<time datetime=\"2016-01-03T12:24:00+00:00\" class=\"uagb-post__date\">\n\t\t\t\t<span class=\"dashicons-calendar dashicons\"><\/span>\t\t\t\t\tjanvier 3, 2016\t\t\t\t<\/time>\n\t\t\t\t\t\t\t<span class=\"uagb-post__comment\">\n\t\t\t\t<span class=\"dashicons-admin-comments dashicons\"><\/span>\t\t\t\t\tAucun commentaire\t\t\t\t<\/span>\n\t\t\t\t\t\t<\/div>\n\t\t\t\t\t\t\t<div class='uagb-post__text uagb-post__excerpt'>\n\t\t\t\t\t<p>Copyright literacy in Finnish libraries, archives, and museums was studied by a web survey as&#8230;\t\t\t\t<\/div>\n\t\t\t\t\t\t<div class=\"uagb-post__text uagb-post__cta wp-block-button\">\n\t\t\t\t<a class=\"wp-block-button__link uagb-text-link\" style=\"\" href=\"https:\/\/inlitas.org\/fr\/copyright-literacy-in-finnish-libraries-archives-and-museums\/\" target=\"_self\" rel=\"bookmark noopener noreferrer\">Lire la suite<\/a>\n\t\t\t<\/div>\n\t\t\t\n\t\t\t\t\t\t\t\t\t<\/article>\n\t\t\t\t\t\t\t\t\t\t\t\t\t\t\t\t<article class=\"uagb-post__inner-wrap\">\t\t\t\t\t\t\t\t<h4 class=\"uagb-post__title uagb-post__text\">\n\t\t\t\t<a href=\"https:\/\/inlitas.org\/fr\/copyright-and-e-learning-a-guide-for-practitioners\/\" target=\"_self\" rel=\"bookmark noopener noreferrer\">Droit d'auteur et apprentissage \u00e9lectronique : Un guide pour les praticiens<\/a>\n\t\t\t<\/h4>\n\t\t\t\t\t\t<div class='uagb-post__text uagb-post-grid-byline'>\n\t\t\t\t\t\t\t\t<time datetime=\"2016-06-30T12:31:00+00:00\" class=\"uagb-post__date\">\n\t\t\t\t<span class=\"dashicons-calendar dashicons\"><\/span>\t\t\t\t\tjuin 30, 2016\t\t\t\t<\/time>\n\t\t\t\t\t\t\t<span class=\"uagb-post__comment\">\n\t\t\t\t<span class=\"dashicons-admin-comments dashicons\"><\/span>\t\t\t\t\tAucun commentaire\t\t\t\t<\/span>\n\t\t\t\t\t\t<\/div>\n\t\t\t\t\t\t\t<div class='uagb-post__text uagb-post__excerpt'>\n\t\t\t\t\t<p>Jane Secker and Chris Morrison have completely revised and updated this highly successful text to&#8230;\t\t\t\t<\/div>\n\t\t\t\t\t\t<div class=\"uagb-post__text uagb-post__cta wp-block-button\">\n\t\t\t\t<a class=\"wp-block-button__link uagb-text-link\" style=\"\" href=\"https:\/\/inlitas.org\/fr\/copyright-and-e-learning-a-guide-for-practitioners\/\" target=\"_self\" rel=\"bookmark noopener noreferrer\">Lire la suite<\/a>\n\t\t\t<\/div>\n\t\t\t\n\t\t\t\t\t\t\t\t\t<\/article>\n\t\t\t\t\t\t\t\t\t\t\t\t\t\t\t\t<article class=\"uagb-post__inner-wrap\">\t\t\t\t\t\t\t\t<h4 class=\"uagb-post__title uagb-post__text\">\n\t\t\t\t<a href=\"https:\/\/inlitas.org\/fr\/librarian-copyright-literacy-self-reported-copyright-knowledge-among-information-professionals-in-the-united-states\/\" target=\"_self\" rel=\"bookmark noopener noreferrer\">Ma\u00eetrise du droit d'auteur par les biblioth\u00e9caires : connaissance du droit d'auteur d\u00e9clar\u00e9e par les professionnels de l'information aux \u00c9tats-Unis<\/a>\n\t\t\t<\/h4>\n\t\t\t\t\t\t<div class='uagb-post__text uagb-post-grid-byline'>\n\t\t\t\t\t\t\t\t<time datetime=\"2016-08-24T12:27:00+00:00\" class=\"uagb-post__date\">\n\t\t\t\t<span class=\"dashicons-calendar dashicons\"><\/span>\t\t\t\t\tao\u00fbt 24, 2016\t\t\t\t<\/time>\n\t\t\t\t\t\t\t<span class=\"uagb-post__comment\">\n\t\t\t\t<span class=\"dashicons-admin-comments dashicons\"><\/span>\t\t\t\t\tAucun commentaire\t\t\t\t<\/span>\n\t\t\t\t\t\t<\/div>\n\t\t\t\t\t\t\t<div class='uagb-post__text uagb-post__excerpt'>\n\t\t\t\t\t<p>Librarians often act as default copyright experts at their institutions and thus must have an&#8230;\t\t\t\t<\/div>\n\t\t\t\t\t\t<div class=\"uagb-post__text uagb-post__cta wp-block-button\">\n\t\t\t\t<a class=\"wp-block-button__link uagb-text-link\" style=\"\" href=\"https:\/\/inlitas.org\/fr\/librarian-copyright-literacy-self-reported-copyright-knowledge-among-information-professionals-in-the-united-states\/\" target=\"_self\" rel=\"bookmark noopener noreferrer\">Lire la suite<\/a>\n\t\t\t<\/div>\n\t\t\t\n\t\t\t\t\t\t\t\t\t<\/article>\n\t\t\t\t\t\t\t\t\t\t\t\t\t<div class=\"uagb-post-pagination-wrap\">\n\t\t\t\t\t\t<span aria-current=\"page\" class=\"page-numbers current\">1<\/span>\n<a class=\"page-numbers\" href=\"https:\/\/inlitas.org\/fr\/wp-json\/wp\/v2\/pages\/2044\/page\/2\/\">2<\/a>\n<a class=\"page-numbers\" href=\"https:\/\/inlitas.org\/fr\/wp-json\/wp\/v2\/pages\/2044\/page\/3\/\">3<\/a>\n<a class=\"next page-numbers\" href=\"https:\/\/inlitas.org\/fr\/wp-json\/wp\/v2\/pages\/2044\/page\/2\/\">Next \u00bb<\/a>\t\t\t\t\t<\/div>\n\t\t\t\t\t\t\t\t<\/div>","protected":false},"excerpt":{"rendered":"<p>ARFIS The Academic Reading Format International Study (ARFIS) is the most comprehensive survey to date, examining university students&#8217; behaviors and attitudes toward reading academic texts on electronic devices and in print. It encompasses responses from students across 33 countries. CoLIS We aimed to collect data about the knowledge and awareness of LIS students regarding copyright [&hellip;]<\/p>","protected":false},"author":1,"featured_media":0,"parent":0,"menu_order":0,"comment_status":"closed","ping_status":"closed","template":"","meta":{"_uag_custom_page_level_css":"","site-sidebar-layout":"default","site-content-layout":"","ast-site-content-layout":"default","site-content-style":"default","site-sidebar-style":"default","ast-global-header-display":"","ast-banner-title-visibility":"","ast-main-header-display":"","ast-hfb-above-header-display":"","ast-hfb-below-header-display":"","ast-hfb-mobile-header-display":"","site-post-title":"disabled","ast-breadcrumbs-content":"","ast-featured-img":"","footer-sml-layout":"","theme-transparent-header-meta":"","adv-header-id-meta":"","stick-header-meta":"","header-above-stick-meta":"","header-main-stick-meta":"","header-below-stick-meta":"","astra-migrate-meta-layouts":"set","ast-page-background-enabled":"default","ast-page-background-meta":{"desktop":{"background-color":"var(--ast-global-color-4)","background-image":"","background-repeat":"repeat","background-position":"center center","background-size":"auto","background-attachment":"scroll","background-type":"","background-media":"","overlay-type":"","overlay-color":"","overlay-opacity":"","overlay-gradient":""},"tablet":{"background-color":"","background-image":"","background-repeat":"repeat","background-position":"center center","background-size":"auto","background-attachment":"scroll","background-type":"","background-media":"","overlay-type":"","overlay-color":"","overlay-opacity":"","overlay-gradient":""},"mobile":{"background-color":"","background-image":"","background-repeat":"repeat","background-position":"center center","background-size":"auto","background-attachment":"scroll","background-type":"","background-media":"","overlay-type":"","overlay-color":"","overlay-opacity":"","overlay-gradient":""}},"ast-content-background-meta":{"desktop":{"background-color":"var(--ast-global-color-5)","background-image":"","background-repeat":"repeat","background-position":"center center","background-size":"auto","background-attachment":"scroll","background-type":"","background-media":"","overlay-type":"","overlay-color":"","overlay-opacity":"","overlay-gradient":""},"tablet":{"background-color":"var(--ast-global-color-5)","background-image":"","background-repeat":"repeat","background-position":"center center","background-size":"auto","background-attachment":"scroll","background-type":"","background-media":"","overlay-type":"","overlay-color":"","overlay-opacity":"","overlay-gradient":""},"mobile":{"background-color":"var(--ast-global-color-5)","background-image":"","background-repeat":"repeat","background-position":"center center","background-size":"auto","background-attachment":"scroll","background-type":"","background-media":"","overlay-type":"","overlay-color":"","overlay-opacity":"","overlay-gradient":""}},"footnotes":""},"class_list":["post-2044","page","type-page","status-publish","hentry"],"uagb_featured_image_src":{"full":false,"thumbnail":false,"medium":false,"medium_large":false,"large":false,"1536x1536":false,"2048x2048":false,"trp-custom-language-flag":false},"uagb_author_info":{"display_name":"InLitAs","author_link":"https:\/\/inlitas.org\/fr\/author\/admin\/"},"uagb_comment_info":0,"uagb_excerpt":"ARFIS The Academic Reading Format International Study (ARFIS) is the most comprehensive survey to date, examining university students&#8217; behaviors and attitudes toward reading academic texts on electronic devices and in print. It encompasses responses from students across 33 countries. CoLIS We aimed to collect data about the knowledge and awareness of LIS students regarding copyright\u2026","_links":{"self":[{"href":"https:\/\/inlitas.org\/fr\/wp-json\/wp\/v2\/pages\/2044","targetHints":{"allow":["GET"]}}],"collection":[{"href":"https:\/\/inlitas.org\/fr\/wp-json\/wp\/v2\/pages"}],"about":[{"href":"https:\/\/inlitas.org\/fr\/wp-json\/wp\/v2\/types\/page"}],"author":[{"embeddable":true,"href":"https:\/\/inlitas.org\/fr\/wp-json\/wp\/v2\/users\/1"}],"replies":[{"embeddable":true,"href":"https:\/\/inlitas.org\/fr\/wp-json\/wp\/v2\/comments?post=2044"}],"version-history":[{"count":9,"href":"https:\/\/inlitas.org\/fr\/wp-json\/wp\/v2\/pages\/2044\/revisions"}],"predecessor-version":[{"id":2120,"href":"https:\/\/inlitas.org\/fr\/wp-json\/wp\/v2\/pages\/2044\/revisions\/2120"}],"wp:attachment":[{"href":"https:\/\/inlitas.org\/fr\/wp-json\/wp\/v2\/media?parent=2044"}],"curies":[{"name":"wp","href":"https:\/\/api.w.org\/{rel}","templated":true}]}}