{"id":1917,"date":"2024-02-13T14:28:55","date_gmt":"2024-02-13T14:28:55","guid":{"rendered":"https:\/\/inlitas.org\/?page_id=1917"},"modified":"2024-02-27T09:02:39","modified_gmt":"2024-02-27T09:02:39","slug":"blog-information-literacy-association","status":"publish","type":"page","link":"https:\/\/inlitas.org\/fr\/blog-information-literacy-association\/","title":{"rendered":"Blog"},"content":{"rendered":"<div class=\"wp-block-cover alignfull is-light\" style=\"min-height:620px;aspect-ratio:unset;\"><span aria-hidden=\"true\" class=\"wp-block-cover__background has-background-dim-100 has-background-dim has-background-gradient\" style=\"background:linear-gradient(90deg,rgb(137,228,140) 0%,rgb(182,227,212) 50%,rgb(59,89,182) 100%)\"><\/span><div class=\"wp-block-cover__inner-container is-layout-flow wp-block-cover-is-layout-flow\">\n<div class=\"inherit-container-width wp-block-group alignwide is-layout-constrained wp-block-group-is-layout-constrained\">\n<div class=\"wp-block-media-text alignwide has-media-on-the-right is-stacked-on-mobile is-vertically-aligned-center\" style=\"grid-template-columns:auto 33%\"><div class=\"wp-block-media-text__content\">\n<h1 class=\"wp-block-heading has-text-align-left has-white-color has-text-color\">Information Literacy Association (InLitAs)<\/h1>\n\n\n\n<p id=\"block-6320a9da-0979-4262-a1b6-2009cbc528ba\" class=\"translation-block\">InLitAs est une association internationale de droit fran\u00e7ais qui a pour but de promouvoir la litt\u00e9racie informationnelle  et de d\u00e9velopper la recherche scientifique, fondamentale ou appliqu\u00e9e, dans ce domaine.<\/p>\n\n\n\n<div class=\"wp-block-buttons alignwide is-content-justification-center is-layout-flex wp-container-core-buttons-is-layout-a89b3969 wp-block-buttons-is-layout-flex\">\n<div class=\"wp-block-button\"><a class=\"wp-block-button__link has-text-align-center wp-element-button\" href=\"https:\/\/inlitas.org\/fr\/bacasable\/blog\/\">Quelles sont les actualit\u00e9s ?<\/a><\/div>\n<\/div>\n<\/div><figure class=\"wp-block-media-text__media\"><img loading=\"lazy\" decoding=\"async\" width=\"512\" height=\"512\" src=\"https:\/\/inlitas.org\/bacasable\/wp-content\/uploads\/2023\/04\/cropped-Logo_transparent-v2.png\" alt=\"Information Literacy Association\" class=\"wp-image-1280 size-full\" title=\"\" srcset=\"https:\/\/inlitas.org\/wp-content\/uploads\/2023\/04\/cropped-Logo_transparent-v2.png 512w, https:\/\/inlitas.org\/wp-content\/uploads\/2023\/04\/cropped-Logo_transparent-v2-300x300.png 300w, https:\/\/inlitas.org\/wp-content\/uploads\/2023\/04\/cropped-Logo_transparent-v2-150x150.png 150w, https:\/\/inlitas.org\/wp-content\/uploads\/2023\/04\/cropped-Logo_transparent-v2-270x270.png 270w, https:\/\/inlitas.org\/wp-content\/uploads\/2023\/04\/cropped-Logo_transparent-v2-192x192.png 192w, https:\/\/inlitas.org\/wp-content\/uploads\/2023\/04\/cropped-Logo_transparent-v2-180x180.png 180w, https:\/\/inlitas.org\/wp-content\/uploads\/2023\/04\/cropped-Logo_transparent-v2-32x32.png 32w\" sizes=\"auto, (max-width: 512px) 100vw, 512px\" \/><\/figure><\/div>\n<\/div>\n<\/div><\/div>\n\n\n\n\t\t\t<div class=\"wp-block-uagb-post-grid uagb-post-grid  uagb-post__image-position-top uagb-post__image-enabled uagb-block-29a3c334     uagb-post__items uagb-post__columns-3 is-grid uagb-post__columns-tablet-2 uagb-post__columns-mobile-1 uagb-post__equal-height uagb-equal_height_inline-read-more-buttons\" data-total=\"26\" style=\"\">\n\n\t\t\t\t\t\t\t\t\t\t\t\t<article class=\"uagb-post__inner-wrap\">\t\t\t\t\t\t\t\t<h4 class=\"uagb-post__title uagb-post__text\">\n\t\t\t\t<a href=\"https:\/\/inlitas.org\/fr\/copyright-literacy-of-librarians-in-france\/\" target=\"_self\" rel=\"bookmark noopener noreferrer\">Culture du droit d'auteur des biblioth\u00e9caires en France<\/a>\n\t\t\t<\/h4>\n\t\t\t\t\t\t<div class='uagb-post__text uagb-post-grid-byline'>\n\t\t\t\t\t\t\t\t<time datetime=\"2014-05-10T12:05:00+00:00\" class=\"uagb-post__date\">\n\t\t\t\t<span class=\"dashicons-calendar dashicons\"><\/span>\t\t\t\t\tmai 10, 2014\t\t\t\t<\/time>\n\t\t\t\t\t\t\t<span class=\"uagb-post__comment\">\n\t\t\t\t<span class=\"dashicons-admin-comments dashicons\"><\/span>\t\t\t\t\tAucun commentaire\t\t\t\t<\/span>\n\t\t\t\t\t\t<\/div>\n\t\t\t\t\t\t\t<div class='uagb-post__text uagb-post__excerpt'>\n\t\t\t\t\t<p>This paper aims to produce comprehensive knowledge in the copyright literacy of French librarians. To&#8230;\t\t\t\t<\/div>\n\t\t\t\t\t\t<div class=\"uagb-post__text uagb-post__cta wp-block-button\">\n\t\t\t\t<a class=\"wp-block-button__link uagb-text-link\" style=\"\" href=\"https:\/\/inlitas.org\/fr\/copyright-literacy-of-librarians-in-france\/\" target=\"_self\" rel=\"bookmark noopener noreferrer\">Lire la suite<\/a>\n\t\t\t<\/div>\n\t\t\t\n\t\t\t\t\t\t\t\t\t<\/article>\n\t\t\t\t\t\t\t\t\t\t\t\t\t\t\t\t<article class=\"uagb-post__inner-wrap\">\t\t\t\t\t\t\t\t<h4 class=\"uagb-post__title uagb-post__text\">\n\t\t\t\t<a href=\"https:\/\/inlitas.org\/fr\/colis-team-2\/\" target=\"_self\" rel=\"bookmark noopener noreferrer\">L'\u00e9quipe CoLIS<\/a>\n\t\t\t<\/h4>\n\t\t\t\t\t\t<div class='uagb-post__text uagb-post-grid-byline'>\n\t\t\t\t\t\t\t\t<time datetime=\"2014-09-18T12:31:00+00:00\" class=\"uagb-post__date\">\n\t\t\t\t<span class=\"dashicons-calendar dashicons\"><\/span>\t\t\t\t\tseptembre 18, 2014\t\t\t\t<\/time>\n\t\t\t\t\t\t\t<span class=\"uagb-post__comment\">\n\t\t\t\t<span class=\"dashicons-admin-comments dashicons\"><\/span>\t\t\t\t\tAucun commentaire\t\t\t\t<\/span>\n\t\t\t\t\t\t<\/div>\n\t\t\t\t\t\t\t<div class='uagb-post__text uagb-post__excerpt'>\n\t\t\t\t\t<p>Serap KurbanogluCoordinatorTurkey Tania TodorovaCoordinatorBulgaria Joumana BoustanyCoordinatorFrance Yurdagul UnaCoordinatorTurkey Dr. Tereza TrenchevaCoordinatorBulgaria Terttu KortelainenMemberFinland Tibor KoltayMemberHungary&#8230;\t\t\t\t<\/div>\n\t\t\t\t\t\t<div class=\"uagb-post__text uagb-post__cta wp-block-button\">\n\t\t\t\t<a class=\"wp-block-button__link uagb-text-link\" style=\"\" href=\"https:\/\/inlitas.org\/fr\/colis-team-2\/\" target=\"_self\" rel=\"bookmark noopener noreferrer\">Lire la suite<\/a>\n\t\t\t<\/div>\n\t\t\t\n\t\t\t\t\t\t\t\t\t<\/article>\n\t\t\t\t\t\t\t\t\t\t\t\t\t\t\t\t<article class=\"uagb-post__inner-wrap\">\t\t\t\t\t\t\t\t<h4 class=\"uagb-post__title uagb-post__text\">\n\t\t\t\t<a href=\"https:\/\/inlitas.org\/fr\/undergraduates-academic-reading-format-preferences-and-behaviors\/\" target=\"_self\" rel=\"bookmark noopener noreferrer\">Pr\u00e9f\u00e9rences et comportements des \u00e9tudiants en mati\u00e8re de format de lecture acad\u00e9mique<\/a>\n\t\t\t<\/h4>\n\t\t\t\t\t\t<div class='uagb-post__text uagb-post-grid-byline'>\n\t\t\t\t\t\t\t\t<time datetime=\"2015-05-30T12:39:00+00:00\" class=\"uagb-post__date\">\n\t\t\t\t<span class=\"dashicons-calendar dashicons\"><\/span>\t\t\t\t\tmai 30, 2015\t\t\t\t<\/time>\n\t\t\t\t\t\t\t<span class=\"uagb-post__comment\">\n\t\t\t\t<span class=\"dashicons-admin-comments dashicons\"><\/span>\t\t\t\t\tAucun commentaire\t\t\t\t<\/span>\n\t\t\t\t\t\t<\/div>\n\t\t\t\t\t\t\t<div class='uagb-post__text uagb-post__excerpt'>\n\t\t\t\t\t<p>This study of undergraduates&#8217; academic reading format preferences and behaviors asks the questions: What are&#8230;\t\t\t\t<\/div>\n\t\t\t\t\t\t<div class=\"uagb-post__text uagb-post__cta wp-block-button\">\n\t\t\t\t<a class=\"wp-block-button__link uagb-text-link\" style=\"\" href=\"https:\/\/inlitas.org\/fr\/undergraduates-academic-reading-format-preferences-and-behaviors\/\" target=\"_self\" rel=\"bookmark noopener noreferrer\">Lire la suite<\/a>\n\t\t\t<\/div>\n\t\t\t\n\t\t\t\t\t\t\t\t\t<\/article>\n\t\t\t\t\t\t\t\t\t\t\t\t\t\t\t\t<article class=\"uagb-post__inner-wrap\">\t\t\t\t\t\t\t\t<h4 class=\"uagb-post__title uagb-post__text\">\n\t\t\t\t<a href=\"https:\/\/inlitas.org\/fr\/copyright-literacy-in-the-uk-a-survey-of-librarians-and-other-cultural-heritage-sector-professionals\/\" target=\"_self\" rel=\"bookmark noopener noreferrer\">Culture du droit d'auteur au Royaume-Uni : une enqu\u00eate aupr\u00e8s des biblioth\u00e9caires et d'autres professionnels du secteur du patrimoine culturel<\/a>\n\t\t\t<\/h4>\n\t\t\t\t\t\t<div class='uagb-post__text uagb-post-grid-byline'>\n\t\t\t\t\t\t\t\t<time datetime=\"2015-12-22T12:16:00+00:00\" class=\"uagb-post__date\">\n\t\t\t\t<span class=\"dashicons-calendar dashicons\"><\/span>\t\t\t\t\td\u00e9cembre 22, 2015\t\t\t\t<\/time>\n\t\t\t\t\t\t\t<span class=\"uagb-post__comment\">\n\t\t\t\t<span class=\"dashicons-admin-comments dashicons\"><\/span>\t\t\t\t\tAucun commentaire\t\t\t\t<\/span>\n\t\t\t\t\t\t<\/div>\n\t\t\t\t\t\t\t<div class='uagb-post__text uagb-post__excerpt'>\n\t\t\t\t\t<p>Based on a survey of UK library and information professionals and those who work in&#8230;\t\t\t\t<\/div>\n\t\t\t\t\t\t<div class=\"uagb-post__text uagb-post__cta wp-block-button\">\n\t\t\t\t<a class=\"wp-block-button__link uagb-text-link\" style=\"\" href=\"https:\/\/inlitas.org\/fr\/copyright-literacy-in-the-uk-a-survey-of-librarians-and-other-cultural-heritage-sector-professionals\/\" target=\"_self\" rel=\"bookmark noopener noreferrer\">Lire la suite<\/a>\n\t\t\t<\/div>\n\t\t\t\n\t\t\t\t\t\t\t\t\t<\/article>\n\t\t\t\t\t\t\t\t\t\t\t\t\t\t\t\t<article class=\"uagb-post__inner-wrap\">\t\t\t\t\t\t\t\t<h4 class=\"uagb-post__title uagb-post__text\">\n\t\t\t\t<a href=\"https:\/\/inlitas.org\/fr\/copyright-literacy-in-finnish-libraries-archives-and-museums\/\" target=\"_self\" rel=\"bookmark noopener noreferrer\">Culture du droit d'auteur dans les biblioth\u00e8ques, les archives et les mus\u00e9es finlandais<\/a>\n\t\t\t<\/h4>\n\t\t\t\t\t\t<div class='uagb-post__text uagb-post-grid-byline'>\n\t\t\t\t\t\t\t\t<time datetime=\"2016-01-03T12:24:00+00:00\" class=\"uagb-post__date\">\n\t\t\t\t<span class=\"dashicons-calendar dashicons\"><\/span>\t\t\t\t\tjanvier 3, 2016\t\t\t\t<\/time>\n\t\t\t\t\t\t\t<span class=\"uagb-post__comment\">\n\t\t\t\t<span class=\"dashicons-admin-comments dashicons\"><\/span>\t\t\t\t\tAucun commentaire\t\t\t\t<\/span>\n\t\t\t\t\t\t<\/div>\n\t\t\t\t\t\t\t<div class='uagb-post__text uagb-post__excerpt'>\n\t\t\t\t\t<p>Copyright literacy in Finnish libraries, archives, and museums was studied by a web survey as&#8230;\t\t\t\t<\/div>\n\t\t\t\t\t\t<div class=\"uagb-post__text uagb-post__cta wp-block-button\">\n\t\t\t\t<a class=\"wp-block-button__link uagb-text-link\" style=\"\" href=\"https:\/\/inlitas.org\/fr\/copyright-literacy-in-finnish-libraries-archives-and-museums\/\" target=\"_self\" rel=\"bookmark noopener noreferrer\">Lire la suite<\/a>\n\t\t\t<\/div>\n\t\t\t\n\t\t\t\t\t\t\t\t\t<\/article>\n\t\t\t\t\t\t\t\t\t\t\t\t\t\t\t\t<article class=\"uagb-post__inner-wrap\">\t\t\t\t\t\t\t\t<h4 class=\"uagb-post__title uagb-post__text\">\n\t\t\t\t<a href=\"https:\/\/inlitas.org\/fr\/copyright-and-e-learning-a-guide-for-practitioners\/\" target=\"_self\" rel=\"bookmark noopener noreferrer\">Droit d'auteur et apprentissage \u00e9lectronique : Un guide pour les praticiens<\/a>\n\t\t\t<\/h4>\n\t\t\t\t\t\t<div class='uagb-post__text uagb-post-grid-byline'>\n\t\t\t\t\t\t\t\t<time datetime=\"2016-06-30T12:31:00+00:00\" class=\"uagb-post__date\">\n\t\t\t\t<span class=\"dashicons-calendar dashicons\"><\/span>\t\t\t\t\tjuin 30, 2016\t\t\t\t<\/time>\n\t\t\t\t\t\t\t<span class=\"uagb-post__comment\">\n\t\t\t\t<span class=\"dashicons-admin-comments dashicons\"><\/span>\t\t\t\t\tAucun commentaire\t\t\t\t<\/span>\n\t\t\t\t\t\t<\/div>\n\t\t\t\t\t\t\t<div class='uagb-post__text uagb-post__excerpt'>\n\t\t\t\t\t<p>Jane Secker and Chris Morrison have completely revised and updated this highly successful text to&#8230;\t\t\t\t<\/div>\n\t\t\t\t\t\t<div class=\"uagb-post__text uagb-post__cta wp-block-button\">\n\t\t\t\t<a class=\"wp-block-button__link uagb-text-link\" style=\"\" href=\"https:\/\/inlitas.org\/fr\/copyright-and-e-learning-a-guide-for-practitioners\/\" target=\"_self\" rel=\"bookmark noopener noreferrer\">Lire la suite<\/a>\n\t\t\t<\/div>\n\t\t\t\n\t\t\t\t\t\t\t\t\t<\/article>\n\t\t\t\t\t\t\t\t\t\t\t\t\t<div class=\"uagb-post-pagination-wrap\">\n\t\t\t\t\t\t<span aria-current=\"page\" class=\"page-numbers current\">1<\/span>\n<a class=\"page-numbers\" href=\"https:\/\/inlitas.org\/fr\/wp-json\/wp\/v2\/pages\/1917\/page\/2\/\">2<\/a>\n<a class=\"page-numbers\" href=\"https:\/\/inlitas.org\/fr\/wp-json\/wp\/v2\/pages\/1917\/page\/3\/\">3<\/a>\n<a class=\"page-numbers\" href=\"https:\/\/inlitas.org\/fr\/wp-json\/wp\/v2\/pages\/1917\/page\/4\/\">4<\/a>\n<a class=\"page-numbers\" href=\"https:\/\/inlitas.org\/fr\/wp-json\/wp\/v2\/pages\/1917\/page\/5\/\">5<\/a>\n<span class=\"page-numbers dots\">\u2026<\/span>\n<a class=\"page-numbers\" href=\"https:\/\/inlitas.org\/fr\/wp-json\/wp\/v2\/pages\/1917\/page\/7\/\">7<\/a>\n<a class=\"page-numbers\" href=\"https:\/\/inlitas.org\/fr\/wp-json\/wp\/v2\/pages\/1917\/page\/8\/\">8<\/a>\n<a class=\"page-numbers\" href=\"https:\/\/inlitas.org\/fr\/wp-json\/wp\/v2\/pages\/1917\/page\/9\/\">9<\/a>\n<a class=\"page-numbers\" href=\"https:\/\/inlitas.org\/fr\/wp-json\/wp\/v2\/pages\/1917\/page\/10\/\">10<\/a>\n<a class=\"next page-numbers\" href=\"https:\/\/inlitas.org\/fr\/wp-json\/wp\/v2\/pages\/1917\/page\/2\/\">Next \u00bb<\/a>\t\t\t\t\t<\/div>\n\t\t\t\t\t\t\t\t<\/div>","protected":false},"excerpt":{"rendered":"","protected":false},"author":1,"featured_media":0,"parent":0,"menu_order":0,"comment_status":"closed","ping_status":"closed","template":"","meta":{"_uag_custom_page_level_css":"","site-sidebar-layout":"default","site-content-layout":"","ast-site-content-layout":"default","site-content-style":"default","site-sidebar-style":"default","ast-global-header-display":"","ast-banner-title-visibility":"","ast-main-header-display":"","ast-hfb-above-header-display":"","ast-hfb-below-header-display":"","ast-hfb-mobile-header-display":"","site-post-title":"","ast-breadcrumbs-content":"","ast-featured-img":"","footer-sml-layout":"","theme-transparent-header-meta":"","adv-header-id-meta":"","stick-header-meta":"","header-above-stick-meta":"","header-main-stick-meta":"","header-below-stick-meta":"","astra-migrate-meta-layouts":"set","ast-page-background-enabled":"default","ast-page-background-meta":{"desktop":{"background-color":"var(--ast-global-color-4)","background-image":"","background-repeat":"repeat","background-position":"center center","background-size":"auto","background-attachment":"scroll","background-type":"","background-media":"","overlay-type":"","overlay-color":"","overlay-opacity":"","overlay-gradient":""},"tablet":{"background-color":"","background-image":"","background-repeat":"repeat","background-position":"center center","background-size":"auto","background-attachment":"scroll","background-type":"","background-media":"","overlay-type":"","overlay-color":"","overlay-opacity":"","overlay-gradient":""},"mobile":{"background-color":"","background-image":"","background-repeat":"repeat","background-position":"center center","background-size":"auto","background-attachment":"scroll","background-type":"","background-media":"","overlay-type":"","overlay-color":"","overlay-opacity":"","overlay-gradient":""}},"ast-content-background-meta":{"desktop":{"background-color":"var(--ast-global-color-5)","background-image":"","background-repeat":"repeat","background-position":"center center","background-size":"auto","background-attachment":"scroll","background-type":"","background-media":"","overlay-type":"","overlay-color":"","overlay-opacity":"","overlay-gradient":""},"tablet":{"background-color":"var(--ast-global-color-5)","background-image":"","background-repeat":"repeat","background-position":"center center","background-size":"auto","background-attachment":"scroll","background-type":"","background-media":"","overlay-type":"","overlay-color":"","overlay-opacity":"","overlay-gradient":""},"mobile":{"background-color":"var(--ast-global-color-5)","background-image":"","background-repeat":"repeat","background-position":"center center","background-size":"auto","background-attachment":"scroll","background-type":"","background-media":"","overlay-type":"","overlay-color":"","overlay-opacity":"","overlay-gradient":""}},"footnotes":""},"class_list":["post-1917","page","type-page","status-publish","hentry"],"uagb_featured_image_src":{"full":false,"thumbnail":false,"medium":false,"medium_large":false,"large":false,"1536x1536":false,"2048x2048":false,"trp-custom-language-flag":false},"uagb_author_info":{"display_name":"InLitAs","author_link":"https:\/\/inlitas.org\/fr\/author\/admin\/"},"uagb_comment_info":0,"uagb_excerpt":null,"_links":{"self":[{"href":"https:\/\/inlitas.org\/fr\/wp-json\/wp\/v2\/pages\/1917","targetHints":{"allow":["GET"]}}],"collection":[{"href":"https:\/\/inlitas.org\/fr\/wp-json\/wp\/v2\/pages"}],"about":[{"href":"https:\/\/inlitas.org\/fr\/wp-json\/wp\/v2\/types\/page"}],"author":[{"embeddable":true,"href":"https:\/\/inlitas.org\/fr\/wp-json\/wp\/v2\/users\/1"}],"replies":[{"embeddable":true,"href":"https:\/\/inlitas.org\/fr\/wp-json\/wp\/v2\/comments?post=1917"}],"version-history":[{"count":9,"href":"https:\/\/inlitas.org\/fr\/wp-json\/wp\/v2\/pages\/1917\/revisions"}],"predecessor-version":[{"id":1981,"href":"https:\/\/inlitas.org\/fr\/wp-json\/wp\/v2\/pages\/1917\/revisions\/1981"}],"wp:attachment":[{"href":"https:\/\/inlitas.org\/fr\/wp-json\/wp\/v2\/media?parent=1917"}],"curies":[{"name":"wp","href":"https:\/\/api.w.org\/{rel}","templated":true}]}}