{"id":18,"date":"2023-04-18T11:37:29","date_gmt":"2023-04-18T11:37:29","guid":{"rendered":"https:\/\/inlitas.org\/bacasable\/?page_id=18"},"modified":"2024-04-30T08:46:50","modified_gmt":"2024-04-30T08:46:50","slug":"home","status":"publish","type":"page","link":"https:\/\/inlitas.org\/fr\/","title":{"rendered":"InLitAs"},"content":{"rendered":"<div class=\"wp-block-cover alignfull is-light\" style=\"min-height:620px;aspect-ratio:unset;\"><span aria-hidden=\"true\" class=\"wp-block-cover__background has-background-dim-100 has-background-dim has-background-gradient\" style=\"background:linear-gradient(90deg,rgb(137,228,140) 0%,rgb(182,227,212) 50%,rgb(59,89,182) 100%)\"><\/span><div class=\"wp-block-cover__inner-container is-layout-flow wp-block-cover-is-layout-flow\">\n<div class=\"inherit-container-width wp-block-group alignwide is-layout-constrained wp-block-group-is-layout-constrained\">\n<div class=\"wp-block-media-text alignwide has-media-on-the-right is-stacked-on-mobile is-vertically-aligned-center\" style=\"grid-template-columns:auto 33%\"><div class=\"wp-block-media-text__content\">\n<h1 class=\"wp-block-heading has-text-align-left has-white-color has-text-color\">Information Literacy Association (InLitAs)<\/h1>\n\n\n\n<p id=\"block-6320a9da-0979-4262-a1b6-2009cbc528ba\" class=\"translation-block\">InLitAs est une association internationale de droit fran\u00e7ais qui a pour but de promouvoir la litt\u00e9racie informationnelle  et de d\u00e9velopper la recherche scientifique, fondamentale ou appliqu\u00e9e, dans ce domaine.<\/p>\n\n\n\n<div class=\"wp-block-buttons alignwide is-content-justification-center is-layout-flex wp-container-core-buttons-is-layout-a89b3969 wp-block-buttons-is-layout-flex\">\n<div class=\"wp-block-button\"><a class=\"wp-block-button__link has-text-align-center wp-element-button\" href=\"https:\/\/inlitas.org\/fr\/blog\/\">Les derni\u00e8res actualit\u00e9s<\/a><\/div>\n<\/div>\n<\/div><figure class=\"wp-block-media-text__media\"><img loading=\"lazy\" decoding=\"async\" width=\"512\" height=\"512\" src=\"https:\/\/inlitas.org\/wp-content\/uploads\/2023\/04\/cropped-Logo_transparent-v2.png\" alt=\"Information Literacy Association\" class=\"wp-image-1280 size-full\" title=\"\" srcset=\"https:\/\/inlitas.org\/wp-content\/uploads\/2023\/04\/cropped-Logo_transparent-v2.png 512w, https:\/\/inlitas.org\/wp-content\/uploads\/2023\/04\/cropped-Logo_transparent-v2-300x300.png 300w, https:\/\/inlitas.org\/wp-content\/uploads\/2023\/04\/cropped-Logo_transparent-v2-150x150.png 150w, https:\/\/inlitas.org\/wp-content\/uploads\/2023\/04\/cropped-Logo_transparent-v2-270x270.png 270w, https:\/\/inlitas.org\/wp-content\/uploads\/2023\/04\/cropped-Logo_transparent-v2-192x192.png 192w, https:\/\/inlitas.org\/wp-content\/uploads\/2023\/04\/cropped-Logo_transparent-v2-180x180.png 180w, https:\/\/inlitas.org\/wp-content\/uploads\/2023\/04\/cropped-Logo_transparent-v2-32x32.png 32w\" sizes=\"auto, (max-width: 512px) 100vw, 512px\" \/><\/figure><\/div>\n<\/div>\n<\/div><\/div>\n\n\n\n<div class=\"wp-block-group alignfull has-ast-global-color-5-background-color has-background is-layout-constrained wp-container-core-group-is-layout-9cedb757 wp-block-group-is-layout-constrained\" style=\"padding-bottom:0px\">\n<div class=\"wp-block-columns are-vertically-aligned-top is-layout-flex wp-container-core-columns-is-layout-00723822 wp-block-columns-is-layout-flex\">\n<div class=\"wp-block-column is-vertically-aligned-top is-layout-flow wp-container-core-column-is-layout-6b73ce23 wp-block-column-is-layout-flow\">\n<figure class=\"wp-block-image aligncenter size-large is-resized\"><img decoding=\"async\" src=\"https:\/\/inlitas.org\/bacasable\/wp-content\/themes\/astra\/inc\/assets\/images\/starter-content\/support.svg\" alt=\"\" class=\"wp-image-164\" title=\"\"><\/figure>\n\n\n\n<div class=\"wp-block-buttons is-content-justification-center is-layout-flex wp-container-core-buttons-is-layout-a89b3969 wp-block-buttons-is-layout-flex\">\n<div class=\"wp-block-button\"><a class=\"wp-block-button__link wp-element-button\" href=\"https:\/\/inlitas.org\/fr\/ecil-conference\/\">Conf\u00e9rence ECIL<\/a><\/div>\n<\/div>\n\n\n\n<p class=\"has-text-align-left translation-block\">InLitAs co-organise la conf\u00e9rence europ\u00e9enne bi-annuelle sur la ma\u00eetrise de l'information (ECIL) en collaboration avec le d\u00e9partement de gestion de l'information de l'universit\u00e9 Hacettepe et le d\u00e9partement des sciences de l'information et de la communication de l'universit\u00e9 de Zagreb.<\/p>\n<\/div>\n\n\n\n<div class=\"wp-block-column is-vertically-aligned-top is-layout-flow wp-container-core-column-is-layout-6b73ce23 wp-block-column-is-layout-flow\">\n<figure class=\"wp-block-image aligncenter size-large is-resized wp-duotone-rgb4646188-rgb14840156-1\"><img decoding=\"async\" src=\"https:\/\/inlitas.org\/wp-content\/uploads\/2024\/03\/UE-flag.png\" alt=\"\" style=\"width:62px;height:auto\" title=\"\"><\/figure>\n\n\n\n<div class=\"wp-block-buttons is-content-justification-center is-layout-flex wp-container-core-buttons-is-layout-a89b3969 wp-block-buttons-is-layout-flex\">\n<div class=\"wp-block-button\"><a class=\"wp-block-button__link wp-element-button\" href=\"https:\/\/inlitas.org\/fr\/european-projects\/\">Projets Europ\u00e9ens<\/a><\/div>\n<\/div>\n\n\n\n<p class=\"has-text-align-left translation-block\">InLitAs est actuellement impliqu\u00e9 dans de nombreux projets europ\u00e9ens. Nous pensons que la collaboration avec des partenaires dans toute l'Europe est essentielle pour atteindre nos objectifs et avoir un impact positif sur le d\u00e9veloppement de l'IL. Notre participation \u00e0 ces projets d\u00e9montre notre engagement \u00e0 promouvoir les sciences de l'information.<\/p>\n<\/div>\n\n\n\n<div class=\"wp-block-column is-vertically-aligned-top is-layout-flow wp-container-core-column-is-layout-6b73ce23 wp-block-column-is-layout-flow\">\n<figure class=\"wp-block-image aligncenter size-large is-resized\"><img decoding=\"async\" src=\"https:\/\/inlitas.org\/bacasable\/wp-content\/themes\/astra\/inc\/assets\/images\/starter-content\/blog.svg\" alt=\"\" class=\"wp-image-136\" style=\"width:62px;height:auto\" title=\"\"><\/figure>\n\n\n\n<div class=\"wp-block-buttons is-content-justification-center is-layout-flex wp-container-core-buttons-is-layout-a89b3969 wp-block-buttons-is-layout-flex\">\n<div class=\"wp-block-button\"><a class=\"wp-block-button__link wp-element-button\" href=\"https:\/\/inlitas.org\/fr\/international-research-project\/\">Projets de recherche<\/a><\/div>\n<\/div>\n\n\n\n<p class=\"has-text-align-left translation-block\">InLitAs est \u00e0 l'avant-garde de plusieurs projets de recherche internationaux. Notre association est fi\u00e8re d'\u00eatre \u00e0 l'origine de ces initiatives qui, nous en sommes convaincus, contribueront \u00e0 promouvoir la ma\u00eetrise de l'information. Ces projets ont donn\u00e9 lieu \u00e0 plusieurs publications dans des revues scientifiques reconnues.<\/p>\n<\/div>\n\n\n\n<div class=\"wp-block-column is-vertically-aligned-top is-layout-flow wp-container-core-column-is-layout-6b73ce23 wp-block-column-is-layout-flow\">\n<figure class=\"wp-block-image aligncenter size-large is-resized\"><img decoding=\"async\" src=\"https:\/\/inlitas.org\/bacasable\/wp-content\/themes\/astra\/inc\/assets\/images\/starter-content\/portfolio.svg\" alt=\"\" class=\"wp-image-137\" style=\"width:62px;height:auto\" title=\"\"><\/figure>\n\n\n\n<div class=\"wp-block-buttons is-content-justification-center is-layout-flex wp-container-core-buttons-is-layout-a89b3969 wp-block-buttons-is-layout-flex\">\n<div class=\"wp-block-button\"><a class=\"wp-block-button__link wp-element-button\" href=\"https:\/\/inlitas.org\/fr\/category\/publications\/\">Activit\u00e9s d'\u00e9dition<\/a><\/div>\n<\/div>\n\n\n\n<p class=\"has-text-align-left translation-block\">InLitAs publie des livres en rapport avec son activit\u00e9. Les publications sont plac\u00e9es sous licence Creative Commons et peuvent \u00eatre t\u00e9l\u00e9charg\u00e9es par tous. L'engagement d'InLitAs dans la publication en libre acc\u00e8s t\u00e9moigne de sa conviction de l'importance de rendre l'information et la connaissance accessibles \u00e0 tous.<\/p>\n<\/div>\n<\/div>\n<\/div>\n\n\n\n<div class=\"wp-block-group alignfull is-layout-constrained wp-container-core-group-is-layout-45b0ac4f wp-block-group-is-layout-constrained\" id=\"services\" style=\"padding-top:144px;padding-bottom:0px\">\n<h2 class=\"wp-block-heading\">Fiers de travailler sur ...<\/h2>\n\n\n\n<div class=\"wp-block-columns is-layout-flex wp-container-core-columns-is-layout-60cbf9bb wp-block-columns-is-layout-flex\" style=\"margin-top:50px\">\n<div class=\"wp-block-column is-layout-flow wp-container-core-column-is-layout-6b73ce23 wp-block-column-is-layout-flow\">\n<figure class=\"wp-block-image size-full\"><a href=\"https:\/\/inlitas.org\/fr\/learn-exchange\/\"><img loading=\"lazy\" decoding=\"async\" width=\"480\" height=\"600\" src=\"https:\/\/inlitas.org\/wp-content\/uploads\/2023\/04\/logo-learnexchange.png\" alt=\"\" class=\"wp-image-99\" title=\"\" srcset=\"https:\/\/inlitas.org\/wp-content\/uploads\/2023\/04\/logo-learnexchange.png 480w, https:\/\/inlitas.org\/wp-content\/uploads\/2023\/04\/logo-learnexchange-240x300.png 240w\" sizes=\"auto, (max-width: 480px) 100vw, 480px\" \/><\/a><\/figure>\n\n\n\n<h3 class=\"wp-block-heading has-text-align-center\" style=\"margin-top:16px\"><a href=\"https:\/\/inlitas.org\/fr\/learn-exchange\/\" target=\"_blank\" rel=\"noreferrer noopener\">Learn &amp; Exchange<\/a><\/h3>\n\n\n\n<p>L'objectif principal du projet  Apprendre &amp; \u00c9changer est de planifier, d\u00e9velopper, fournir, valider et commencer \u00e0 utiliser dans la pratique \u00e9ducative un nouvel ensemble de MOOC dans le domaine de la transformation num\u00e9rique, en mettant l'accent sur les besoins de comp\u00e9tences en mati\u00e8re d'information.<\/p>\n<\/div>\n\n\n\n<div class=\"wp-block-column is-layout-flow wp-container-core-column-is-layout-6b73ce23 wp-block-column-is-layout-flow\" style=\"border-style:none;border-width:0px\">\n<figure class=\"wp-block-image size-full\"><a href=\"https:\/\/inlitas.org\/fr\/digi-key\/\"><img loading=\"lazy\" decoding=\"async\" width=\"480\" height=\"600\" src=\"https:\/\/inlitas.org\/wp-content\/uploads\/2023\/04\/Digi-Key-Logo.png\" alt=\"\" class=\"wp-image-98\" title=\"\" srcset=\"https:\/\/inlitas.org\/wp-content\/uploads\/2023\/04\/Digi-Key-Logo.png 480w, https:\/\/inlitas.org\/wp-content\/uploads\/2023\/04\/Digi-Key-Logo-240x300.png 240w\" sizes=\"auto, (max-width: 480px) 100vw, 480px\" \/><\/a><\/figure>\n\n\n\n<h3 class=\"wp-block-heading has-text-align-center\" style=\"margin-top:16px\"><a href=\"https:\/\/inlitas.org\/fr\/digi-key\/\" target=\"_blank\" rel=\"noreferrer noopener\">Digi-Key<\/a><\/h3>\n\n\n\n<p>L'\u00e9ducation, comme tout autre domaine, se num\u00e9rise rapidement chaque jour. Les \u00e9tudiants ne peuvent pas acc\u00e9der aux informations correctes et n\u00e9cessaires et ne peuvent pas utiliser les possibilit\u00e9s existantes de la ma\u00eetrise de l'information num\u00e9rique dans leurs devoirs et leurs th\u00e8ses.<\/p>\n<\/div>\n\n\n\n<div class=\"wp-block-column is-layout-flow wp-container-core-column-is-layout-6b73ce23 wp-block-column-is-layout-flow\">\n<figure class=\"wp-block-image size-full\"><a href=\"https:\/\/inlitas.org\/fr\/international-research-project\/\"><img loading=\"lazy\" decoding=\"async\" width=\"480\" height=\"600\" src=\"https:\/\/inlitas.org\/wp-content\/uploads\/2023\/04\/logo-puzzle.jpg\" alt=\"\" class=\"wp-image-461\" title=\"\" srcset=\"https:\/\/inlitas.org\/wp-content\/uploads\/2023\/04\/logo-puzzle.jpg 480w, https:\/\/inlitas.org\/wp-content\/uploads\/2023\/04\/logo-puzzle-240x300.jpg 240w\" sizes=\"auto, (max-width: 480px) 100vw, 480px\" \/><\/a><\/figure>\n\n\n\n<h3 class=\"wp-block-heading has-text-align-center\" style=\"margin-top:16px\"><a href=\"https:\/\/inlitas.org\/fr\/international-research-project-2\/\" target=\"_blank\" rel=\"noreferrer noopener\">Projets de recherche<\/a><\/h3>\n\n\n\n<p class=\"translation-block\">InLitAs est \u00e0 la pointe de plusieurs projets de recherche internationaux. Notre action vise \u00e0 promouvoir la recherche dans le domaine de la ma\u00eetrise de l'information et ses domaines connexes. Parmi ces projets figurent ARFIS, CoLiS, DisMis et ReDaM.<\/p>\n<\/div>\n<\/div>\n<\/div>\n\n\n\n<div class=\"wp-block-group alignfull has-ast-global-color-5-background-color has-background is-layout-constrained wp-block-group-is-layout-constrained\" id=\"about\" style=\"padding-top:143px;padding-bottom:144px\"><\/div>\n\n\n\n<div class=\"wp-block-group alignfull has-ast-global-color-4-background-color has-background is-layout-constrained wp-container-core-group-is-layout-6a2cfb7b wp-block-group-is-layout-constrained\" id=\"reviews\">\n<figure class=\"wp-block-image size-large is-resized\"><img decoding=\"async\" src=\"https:\/\/inlitas.org\/bacasable\/wp-content\/themes\/astra\/inc\/assets\/images\/starter-content\/passionate.svg\" alt=\"\" class=\"wp-image-162\" title=\"\"><\/figure>\n\n\n\n<p class=\"has-text-align-center\" style=\"font-size:22px;line-height:1.6\">\"L'information n'est pas la connaissance ; ce sont des concepts ou des id\u00e9es qui entrent dans le champ de perception d'une personne, sont \u00e9valu\u00e9s et assimil\u00e9s, renfor\u00e7ant ou modifiant le concept de r\u00e9alit\u00e9 de l'individu et\/ou sa capacit\u00e9 \u00e0 agir. Comme la beaut\u00e9 est dans l'\u0153il de celui qui regarde, l'information est dans l'esprit de l'utilisateur\".<\/p>\n\n\n\n<p class=\"has-text-align-center\"><strong>Paul G. Zurkowski<\/strong><\/p>\n<\/div>\n\n\n\n<div class=\"wp-block-group alignfull is-layout-constrained wp-container-core-group-is-layout-6191ae55 wp-block-group-is-layout-constrained\" id=\"whyus\" style=\"padding-top:144px;padding-bottom:144px\">\n<h2 class=\"wp-block-heading\" id=\"AboutInlitas\">\u00c0 propos d'InLitAs<\/h2>\n\n\n\n<div class=\"wp-block-columns is-layout-flex wp-container-core-columns-is-layout-29aadeec wp-block-columns-is-layout-flex\" style=\"margin-top:60px\">\n<div class=\"wp-block-column is-layout-flow wp-container-core-column-is-layout-6b73ce23 wp-block-column-is-layout-flow\">\n<figure class=\"wp-block-image size-large\"><img decoding=\"async\" src=\"https:\/\/inlitas.org\/bacasable\/wp-content\/themes\/astra\/inc\/assets\/images\/starter-content\/support.svg\" alt=\"\" class=\"wp-image-164\" title=\"\"><\/figure>\n\n\n\n<h3 class=\"wp-block-heading\" style=\"margin-top:16px\">Objectifs<\/h3>\n\n\n\n<p>L'association a une port\u00e9e internationale et se consacre \u00e0 la promotion de la ma\u00eetrise de l'information. La ma\u00eetrise de l'information est un concept large qui englobe plusieurs sujets, notamment la ma\u00eetrise des m\u00e9dias, la ma\u00eetrise num\u00e9rique, la ma\u00eetrise des donn\u00e9es et toutes les autres formes de ma\u00eetrise li\u00e9es \u00e0 l'information. Par ses efforts de sensibilisation, de soutien \u00e0 la recherche et de promotion de la collaboration, l'association joue un r\u00f4le important dans l'avancement de la ma\u00eetrise de l'information et de son r\u00f4le essentiel dans la soci\u00e9t\u00e9 d'aujourd'hui.<\/p>\n<\/div>\n\n\n\n<div class=\"wp-block-column is-layout-flow wp-container-core-column-is-layout-6b73ce23 wp-block-column-is-layout-flow\">\n<figure class=\"wp-block-image size-large\"><img decoding=\"async\" src=\"https:\/\/inlitas.org\/bacasable\/wp-content\/themes\/astra\/inc\/assets\/images\/starter-content\/professional.svg\" alt=\"\" class=\"wp-image-163\" title=\"\"><\/figure>\n\n\n\n<h3 class=\"wp-block-heading\" style=\"margin-top:16px\">Autonomisation<\/h3>\n\n\n\n<p>La mission de l'association est de sensibiliser \u00e0 l'importance de la ma\u00eetrise de l'information et au r\u00f4le qu'elle joue pour permettre aux individus d'acc\u00e9der \u00e0 l'information, de l'\u00e9valuer et de l'utiliser efficacement dans divers contextes. Cela inclut l'\u00e9ducation, la recherche et la vie quotidienne. En promouvant la ma\u00eetrise de l'information, l'association vise \u00e0 aider les individus \u00e0 devenir des consommateurs et des cr\u00e9ateurs d'information plus critiques, ce qui est essentiel dans la soci\u00e9t\u00e9 d'aujourd'hui, riche en informations.<\/p>\n<\/div>\n\n\n\n<div class=\"wp-block-column is-layout-flow wp-container-core-column-is-layout-6b73ce23 wp-block-column-is-layout-flow\">\n<figure class=\"wp-block-image size-large is-resized\"><img decoding=\"async\" src=\"https:\/\/inlitas.org\/bacasable\/wp-content\/themes\/astra\/inc\/assets\/images\/starter-content\/building.svg\" alt=\"\" class=\"wp-image-134\" style=\"width:61px;height:auto\" title=\"\"><\/figure>\n\n\n\n<h3 class=\"wp-block-heading\" style=\"margin-top:16px\">Appui<\/h3>\n\n\n\n<p>L'association cherche \u00e0 favoriser la collaboration et les \u00e9changes internationaux entre les chercheurs, les \u00e9ducateurs, les professionnels de l'information, les d\u00e9cideurs politiques et les autres parties prenantes dans le domaine de la ma\u00eetrise de l'information. En facilitant le travail en r\u00e9seau et le partage des connaissances, l'association vise \u00e0 faire progresser le d\u00e9veloppement et la mise en \u0153uvre des meilleures pratiques en mati\u00e8re de ma\u00eetrise de l'information dans divers contextes culturels et sociaux.<\/p>\n<\/div>\n<\/div>\n<\/div>\n\n\n\n<div class=\"inherit-container-width wp-block-group alignfull has-background is-layout-constrained wp-block-group-is-layout-constrained\" id=\"contact\" style=\"background:linear-gradient(90deg,rgb(137,228,140) 0%,rgb(182,227,212) 48%,rgb(59,89,182) 98%);padding-top:104px;padding-bottom:104px\">\n<div class=\"wp-block-columns is-layout-flex wp-container-core-columns-is-layout-28f84493 wp-block-columns-is-layout-flex\">\n<div class=\"wp-block-column is-layout-flow wp-block-column-is-layout-flow\">\n<figure class=\"wp-block-image aligncenter size-full is-resized\"><img loading=\"lazy\" decoding=\"async\" width=\"396\" height=\"361\" src=\"https:\/\/inlitas.org\/wp-content\/uploads\/2023\/07\/ECIL-Logo.png\" alt=\"\" class=\"wp-image-1378\" title=\"\" srcset=\"https:\/\/inlitas.org\/wp-content\/uploads\/2023\/07\/ECIL-Logo.png 396w, https:\/\/inlitas.org\/wp-content\/uploads\/2023\/07\/ECIL-Logo-300x273.png 300w\" sizes=\"auto, (max-width: 396px) 100vw, 396px\" \/><\/figure>\n<\/div>\n\n\n\n<div class=\"wp-block-column is-layout-flow wp-block-column-is-layout-flow\">\n<h2 class=\"wp-block-heading has-text-align-center has-ast-global-color-5-color has-text-color\">Rendez-vous \u00e0 Bamberg pour ECIL 2025<\/h2>\n<\/div>\n\n\n\n<div class=\"wp-block-column is-layout-flow wp-block-column-is-layout-flow\">\n<figure class=\"wp-block-image size-large\"><img loading=\"lazy\" decoding=\"async\" width=\"1024\" height=\"768\" src=\"https:\/\/inlitas.org\/wp-content\/uploads\/2024\/04\/pexels-wolfgang-weiser-20803135-1024x768.jpg\" alt=\"\" class=\"wp-image-2066\" title=\"\" srcset=\"https:\/\/inlitas.org\/wp-content\/uploads\/2024\/04\/pexels-wolfgang-weiser-20803135-1024x768.jpg 1024w, https:\/\/inlitas.org\/wp-content\/uploads\/2024\/04\/pexels-wolfgang-weiser-20803135-300x225.jpg 300w, https:\/\/inlitas.org\/wp-content\/uploads\/2024\/04\/pexels-wolfgang-weiser-20803135-768x576.jpg 768w, https:\/\/inlitas.org\/wp-content\/uploads\/2024\/04\/pexels-wolfgang-weiser-20803135-1536x1152.jpg 1536w, https:\/\/inlitas.org\/wp-content\/uploads\/2024\/04\/pexels-wolfgang-weiser-20803135-2048x1536.jpg 2048w\" sizes=\"auto, (max-width: 1024px) 100vw, 1024px\" \/><\/figure>\n<\/div>\n<\/div>\n<\/div>","protected":false},"excerpt":{"rendered":"<p>InLitAs co-organize the biannual European Conference on Information Literacy (ECIL) in collaboration with the Department of Information Management of Hacettepe University&nbsp;and the Department of Information and Communication Sciences of Zagreb University. InLitAs is currently involved in multiple European projects. We believe that collaborating with partners across Europe is essential to achieving our goals and making [&hellip;]<\/p>","protected":false},"author":1,"featured_media":0,"parent":0,"menu_order":0,"comment_status":"closed","ping_status":"closed","template":"","meta":{"_uag_custom_page_level_css":"","site-sidebar-layout":"no-sidebar","site-content-layout":"plain-container","ast-site-content-layout":"normal-width-container","site-content-style":"unboxed","site-sidebar-style":"unboxed","ast-global-header-display":"","ast-banner-title-visibility":"","ast-main-header-display":"","ast-hfb-above-header-display":"","ast-hfb-below-header-display":"","ast-hfb-mobile-header-display":"","site-post-title":"disabled","ast-breadcrumbs-content":"","ast-featured-img":"","footer-sml-layout":"","theme-transparent-header-meta":"enabled","adv-header-id-meta":"","stick-header-meta":"","header-above-stick-meta":"","header-main-stick-meta":"","header-below-stick-meta":"","astra-migrate-meta-layouts":"set","ast-page-background-enabled":"default","ast-page-background-meta":{"desktop":{"background-color":"var(--ast-global-color-4)","background-image":"","background-repeat":"repeat","background-position":"center center","background-size":"auto","background-attachment":"scroll","background-type":"","background-media":"","overlay-type":"","overlay-color":"","overlay-opacity":"","overlay-gradient":""},"tablet":{"background-color":"","background-image":"","background-repeat":"repeat","background-position":"center center","background-size":"auto","background-attachment":"scroll","background-type":"","background-media":"","overlay-type":"","overlay-color":"","overlay-opacity":"","overlay-gradient":""},"mobile":{"background-color":"","background-image":"","background-repeat":"repeat","background-position":"center center","background-size":"auto","background-attachment":"scroll","background-type":"","background-media":"","overlay-type":"","overlay-color":"","overlay-opacity":"","overlay-gradient":""}},"ast-content-background-meta":{"desktop":{"background-color":"var(--ast-global-color-5)","background-image":"","background-repeat":"repeat","background-position":"center center","background-size":"auto","background-attachment":"scroll","background-type":"","background-media":"","overlay-type":"","overlay-color":"","overlay-opacity":"","overlay-gradient":""},"tablet":{"background-color":"var(--ast-global-color-5)","background-image":"","background-repeat":"repeat","background-position":"center center","background-size":"auto","background-attachment":"scroll","background-type":"","background-media":"","overlay-type":"","overlay-color":"","overlay-opacity":"","overlay-gradient":""},"mobile":{"background-color":"var(--ast-global-color-5)","background-image":"","background-repeat":"repeat","background-position":"center center","background-size":"auto","background-attachment":"scroll","background-type":"","background-media":"","overlay-type":"","overlay-color":"","overlay-opacity":"","overlay-gradient":""}},"footnotes":""},"class_list":["post-18","page","type-page","status-publish","hentry"],"uagb_featured_image_src":{"full":false,"thumbnail":false,"medium":false,"medium_large":false,"large":false,"1536x1536":false,"2048x2048":false,"trp-custom-language-flag":false},"uagb_author_info":{"display_name":"InLitAs","author_link":"https:\/\/inlitas.org\/fr\/author\/admin\/"},"uagb_comment_info":0,"uagb_excerpt":"InLitAs co-organize the biannual European Conference on Information Literacy (ECIL) in collaboration with the Department of Information Management of Hacettepe University&nbsp;and the Department of Information and Communication Sciences of Zagreb University. InLitAs is currently involved in multiple European projects. We believe that collaborating with partners across Europe is essential to achieving our goals and making\u2026","_links":{"self":[{"href":"https:\/\/inlitas.org\/fr\/wp-json\/wp\/v2\/pages\/18","targetHints":{"allow":["GET"]}}],"collection":[{"href":"https:\/\/inlitas.org\/fr\/wp-json\/wp\/v2\/pages"}],"about":[{"href":"https:\/\/inlitas.org\/fr\/wp-json\/wp\/v2\/types\/page"}],"author":[{"embeddable":true,"href":"https:\/\/inlitas.org\/fr\/wp-json\/wp\/v2\/users\/1"}],"replies":[{"embeddable":true,"href":"https:\/\/inlitas.org\/fr\/wp-json\/wp\/v2\/comments?post=18"}],"version-history":[{"count":32,"href":"https:\/\/inlitas.org\/fr\/wp-json\/wp\/v2\/pages\/18\/revisions"}],"predecessor-version":[{"id":2128,"href":"https:\/\/inlitas.org\/fr\/wp-json\/wp\/v2\/pages\/18\/revisions\/2128"}],"wp:attachment":[{"href":"https:\/\/inlitas.org\/fr\/wp-json\/wp\/v2\/media?parent=18"}],"curies":[{"name":"wp","href":"https:\/\/api.w.org\/{rel}","templated":true}]}}